{"id":203,"date":"2015-11-25T13:04:59","date_gmt":"2015-11-25T13:04:59","guid":{"rendered":"https:\/\/receivablesinsurancecanada.com\/fr\/about-us-2\/"},"modified":"2025-07-15T18:18:50","modified_gmt":"2025-07-15T18:18:50","slug":"about-us-2","status":"publish","type":"page","link":"https:\/\/receivablesinsurancecanada.com\/fr\/?page_id=203","title":{"rendered":"A Propos de Nous"},"content":{"rendered":"<div class=\"wpb-content-wrapper\"><p>[vc_row bg_type=&#8221;color&#8221; header_feature=&#8221;yes&#8221; column_gap=&#8221;10&#8243; bg_color=&#8221;#dd3333&#8243;][vc_column width=&#8221;1\/6&#8243;][\/vc_column][vc_column width=&#8221;1\/6&#8243;][\/vc_column][vc_column width=&#8221;1\/6&#8243;][\/vc_column][vc_column width=&#8221;1\/6&#8243;][\/vc_column][vc_column width=&#8221;1\/6&#8243;]<div class=\"eut-element eut-align-left\"><a class=\"eut-btn eut-btn-medium eut-square eut-bg-primary-1\" href=\"https:\/\/receivablesinsurancecanada.com\/podcast-2\/\" target=\"_blank\" style=\"\"><span>PODCAST<\/span><\/a><\/div>[\/vc_column][vc_column width=&#8221;1\/6&#8243;]<div class=\"eut-element eut-align-left\"><a class=\"eut-btn eut-btn-medium eut-square eut-bg-primary-1\" href=\"https:\/\/tradesecurely.ca\/\" target=\"_blank\" style=\"\"><span>Nouvelles de l'Industrie <\/span><\/a><\/div>[\/vc_column][\/vc_row][vc_row column_gap=&#8221;5&#8243; padding_top=&#8221;60&#8243; margin_bottom=&#8221;0&#8243;][vc_column width=&#8221;1\/2&#8243;][vc_column_text animation=&#8221;fadeInRight&#8221;]<\/p>\n<h3>UNE FORCE DE PROGR\u00c8S<\/h3>\n<p>L\u2019Association Canadienne de l\u2019Assurance Comptes Clients fait la promotion des occasions d\u2019affaire que pr\u00e9sente l\u2019assurance comptes clients, aussi connue sous l\u2019appellation d\u2019assurance cr\u00e9dit, aupr\u00e8s de courtiers d\u2019assurance canadiens, du secteur bancaire et d\u2019entreprises qui exploitent des activit\u00e9s commerciales au Canada et \u00e0 l\u2019\u00e9tranger. L\u2019Association Canadienne de l\u2019Assurance Comptes Clients s\u2019emploie \u00e9galement \u00e0 faire progresser l\u2019innovation et l\u2019int\u00e9grit\u00e9 des produits dans l\u2019industrie, \u00e0 r\u00e9soudre les probl\u00e8mes commerciaux li\u00e9s \u00e0 la r\u00e9glementation gouvernementale, et repr\u00e9sente les int\u00e9r\u00eats de ses membres en favorisant un \u00e9change libre d\u2019information et d\u2019id\u00e9es.<\/p>\n<p>Aidez les entreprises canadiennes \u00e0 soutenir la concurrence et \u00e0 r\u00e9ussir, au Canada et ailleurs dans le monde.[\/vc_column_text]<div class=\"eut-element eut-align-left\"><a class=\"eut-btn eut-btn-extralarge eut-round eut-bg-primary-1\" href=\"https:\/\/receivablesinsurancecanada.com\/wp-content\/uploads\/2025\/07\/2025-Membership-Agreement-fillable-form-FINAL.pdf\" target=\"_blank\" style=\"\"><span>DEVENEZ MEMBRE<\/span><\/a><\/div>[\/vc_column][vc_column width=&#8221;1\/2&#8243;][vc_column_text animation=&#8221;fadeInLeft&#8221;]<\/p>\n<h3>ANT\u00c9C\u00c9DENTS ET HISTORIQUE<\/h3>\n<p>\u00c0 la suite de l\u2019effondrement du cr\u00e9dit commercial lors de la derni\u00e8re \u00ab\u00a0Grande r\u00e9cession\u00a0\u00bb, le gouvernement du Canada a fait appel aux assureurs du secteur priv\u00e9 et demand\u00e9 qu\u2019ils coordonnent leurs activit\u00e9s avec la soci\u00e9t\u00e9 d\u2019\u00c9tat f\u00e9d\u00e9rale, Exportation et d\u00e9veloppement Canada, pour encourager les entreprises \u00e0 reprendre les \u00e9changes en utilisant des conditions de paiement sur compte ouvert prot\u00e9g\u00e9es par une assurance comptes clients (aussi connue sous l\u2019appellation d\u2019assurance cr\u00e9dit et d\u2019assurance cr\u00e9dit commercial). La concertation de tous les souscripteurs d\u2019assurance cr\u00e9dit du secteur priv\u00e9, d\u2019Exportation et d\u00e9veloppement Canada, des grands courtiers d\u2019assurance cr\u00e9dit et des banquiers qui ont recours \u00e0 l\u2019assurance pour bonifier les s\u00fbret\u00e9s li\u00e9es au financement de fonds de roulement, a men\u00e9 \u00e0 un consensus\u00a0: l\u2019assurance cr\u00e9dit est sous-utilis\u00e9e au Canada surtout parce que la plupart des entreprises ignorent ce que c\u2019est et en ignorent les avantages. C\u2019est dans ce contexte que RIAC a vu le jour. Nous sommes une association nationale dont le mandat est d\u2019accro\u00eetre la sensibilisation, les connaissances techniques, l\u2019utilisation et la distribution de l\u2019assurance cr\u00e9dit au Canada, par le biais de projets d\u2019intervention initi\u00e9s et mis en \u0153uvre par les membres sous l\u2019\u00e9gide de RIAC au profit de tous les membres et des entreprises canadiennes.[\/vc_column_text][\/vc_column][\/vc_row]<\/p>\n<\/div>","protected":false},"excerpt":{"rendered":"<p>[vc_row bg_type=&#8221;color&#8221; header_feature=&#8221;yes&#8221; column_gap=&#8221;10&#8243; bg_color=&#8221;#dd3333&#8243;][vc_column width=&#8221;1\/6&#8243;][\/vc_column][vc_column width=&#8221;1\/6&#8243;][\/vc_column][vc_column width=&#8221;1\/6&#8243;][\/vc_column][vc_column width=&#8221;1\/6&#8243;][\/vc_column][vc_column width=&#8221;1\/6&#8243;][\/vc_column][vc_column width=&#8221;1\/6&#8243;][\/vc_column][\/vc_row][vc_row column_gap=&#8221;5&#8243; padding_top=&#8221;60&#8243; margin_bottom=&#8221;0&#8243;][vc_column width=&#8221;1\/2&#8243;][vc_column_text animation=&#8221;fadeInRight&#8221;] UNE FORCE DE PROGR\u00c8S L\u2019Association Canadienne de l\u2019Assurance Comptes Clients fait la promotion des occasions d\u2019affaire que pr\u00e9sente l\u2019assurance comptes clients, aussi connue sous l\u2019appellation d\u2019assurance cr\u00e9dit, aupr\u00e8s de courtiers d\u2019assurance canadiens, du secteur bancaire et d\u2019entreprises qui exploitent [&hellip;]<\/p>\n","protected":false},"author":1,"featured_media":0,"parent":0,"menu_order":0,"comment_status":"closed","ping_status":"closed","template":"","meta":{"footnotes":""},"class_list":["post-203","page","type-page","status-publish","hentry"],"_links":{"self":[{"href":"https:\/\/receivablesinsurancecanada.com\/fr\/index.php?rest_route=\/wp\/v2\/pages\/203","targetHints":{"allow":["GET"]}}],"collection":[{"href":"https:\/\/receivablesinsurancecanada.com\/fr\/index.php?rest_route=\/wp\/v2\/pages"}],"about":[{"href":"https:\/\/receivablesinsurancecanada.com\/fr\/index.php?rest_route=\/wp\/v2\/types\/page"}],"author":[{"embeddable":true,"href":"https:\/\/receivablesinsurancecanada.com\/fr\/index.php?rest_route=\/wp\/v2\/users\/1"}],"replies":[{"embeddable":true,"href":"https:\/\/receivablesinsurancecanada.com\/fr\/index.php?rest_route=%2Fwp%2Fv2%2Fcomments&post=203"}],"version-history":[{"count":26,"href":"https:\/\/receivablesinsurancecanada.com\/fr\/index.php?rest_route=\/wp\/v2\/pages\/203\/revisions"}],"predecessor-version":[{"id":3456,"href":"https:\/\/receivablesinsurancecanada.com\/fr\/index.php?rest_route=\/wp\/v2\/pages\/203\/revisions\/3456"}],"wp:attachment":[{"href":"https:\/\/receivablesinsurancecanada.com\/fr\/index.php?rest_route=%2Fwp%2Fv2%2Fmedia&parent=203"}],"curies":[{"name":"wp","href":"https:\/\/api.w.org\/{rel}","templated":true}]}}