{"id":2561,"date":"2018-01-29T21:17:22","date_gmt":"2018-01-29T21:17:22","guid":{"rendered":"https:\/\/receivablesinsurancecanada.com\/fr\/?page_id=2561"},"modified":"2018-11-16T20:03:01","modified_gmt":"2018-11-16T20:03:01","slug":"for-brokers","status":"publish","type":"page","link":"https:\/\/receivablesinsurancecanada.com\/fr\/?page_id=2561","title":{"rendered":"Pour Les Courtiers"},"content":{"rendered":"<div class=\"wpb-content-wrapper\"><p>[vc_row bg_type=&#8221;color&#8221; header_feature=&#8221;yes&#8221; column_gap=&#8221;5&#8243; bg_color=&#8221;#dd3333&#8243;][vc_column width=&#8221;1\/6&#8243;][\/vc_column][vc_column width=&#8221;1\/6&#8243;][\/vc_column][vc_column width=&#8221;1\/6&#8243;][\/vc_column][vc_column width=&#8221;1\/6&#8243;][\/vc_column][vc_column width=&#8221;1\/6&#8243;]<div class=\"eut-element eut-align-left\"><a class=\"eut-btn eut-btn-medium eut-square eut-bg-primary-1\" href=\"https:\/\/receivablesinsurancecanada.com\/podcast-2\/\" target=\"_blank\" style=\"\"><span>PODCAST<\/span><\/a><\/div>[\/vc_column][vc_column width=&#8221;1\/6&#8243;]<div class=\"eut-element eut-align-left\"><a class=\"eut-btn eut-btn-medium eut-square eut-bg-primary-1\" href=\"https:\/\/tradesecurely.ca\/\" target=\"_blank\" style=\"\"><span>Nouvelles de l'Industrie <\/span><\/a><\/div>[\/vc_column][\/vc_row][vc_row padding_top=&#8221;60&#8243;][vc_column]<h2 class=\"eut-element eut-align-left eut-title-no-line\" style=\"\"><span>L\u2019ASSURANCE COMPTES CLIENTS : UNE OPPORTUNIT\u00c9 POUR LES COURTIERS<\/span><\/h2>[\/vc_column][\/vc_row][vc_row padding_bottom=&#8221;80&#8243;][vc_column][vc_column_text]<strong>Les comptes clients sont l\u2019encours le plus important, le plus m\u00e9connu et le plus \u00e0 d\u00e9couvert des entreprises canadiennes.<\/strong><\/p>\n<p>Pour les courtiers d\u2019assurance multirisques, l\u2019assurance comptes clients (reconnu souvent par \u00ab\u00a0assurance-cr\u00e9dit\u00a0\u00bb ou \u00ab\u00a0assurance-cr\u00e9dit commercial\u00a0\u00bb), repr\u00e9sente une occasion de service strat\u00e9gique soutenu par les chefs de la direction, les directeurs financier, les actionnaires, les directeurs de cr\u00e9dit et les gestionnaires de risque d\u2019entreprise. Contrairement \u00e0 leurs pairs \u00e0 l\u2019\u00e9tranger qui n\u00e9gocient depuis tr\u00e8s longtemps, de nombreuses entreprises canadiennes sp\u00e9culent qu\u2019il est n\u00e9cessaire de transiger avec des acheteurs \u00e9trangers pour obtenir une assurance comptes clients. Bien que ce soit inexact, cela explique en partie pourquoi moins de dix mille des 1,1 millions d\u2019entreprises Canadiennes utilisent des produits d\u2019assurance comptes clients.<\/p>\n<p>Ce manque de sensibilisation et ce march\u00e9 essentiellement mal desservi, repr\u00e9sentent une excellente occasion d\u2019affaire. L\u2019assurance comptes clients prot\u00e8ge le bilan de l\u2019entreprise contre la d\u00e9faillance des acheteurs et les troubles politiques. Si un \u00e9v\u00e9nement politique fait en sorte que les biens ou services en cours d\u2019exp\u00e9dition ou livr\u00e9s ne peuvent \u00eatre pay\u00e9s, la police d\u2019assurance comptes clients intervient et indemnise l\u2019assur\u00e9.[\/vc_column_text][\/vc_column][\/vc_row][vc_row bg_type=&#8221;color&#8221; bg_color=&#8221;#e70200&#8243; padding_bottom=&#8221;80&#8243; margin_bottom=&#8221;80&#8243; padding_top=&#8221;80&#8243;][vc_column]<div class=\"eut-element eut-image eut-align-center\" style=\"\"><img loading=\"lazy\" decoding=\"async\" width=\"1400\" height=\"425\" src=\"https:\/\/receivablesinsurancecanada.com\/fr\/wp-content\/uploads\/2018\/09\/RI-the-Generalist-Broker-4.jpg\" class=\"attachment-full size-full\" alt=\"\" srcset=\"https:\/\/receivablesinsurancecanada.com\/fr\/wp-content\/uploads\/2018\/09\/RI-the-Generalist-Broker-4.jpg 1400w, https:\/\/receivablesinsurancecanada.com\/fr\/wp-content\/uploads\/2018\/09\/RI-the-Generalist-Broker-4-300x91.jpg 300w, https:\/\/receivablesinsurancecanada.com\/fr\/wp-content\/uploads\/2018\/09\/RI-the-Generalist-Broker-4-768x233.jpg 768w, https:\/\/receivablesinsurancecanada.com\/fr\/wp-content\/uploads\/2018\/09\/RI-the-Generalist-Broker-4-1024x311.jpg 1024w, https:\/\/receivablesinsurancecanada.com\/fr\/wp-content\/uploads\/2018\/09\/RI-the-Generalist-Broker-4-600x182.jpg 600w\" sizes=\"auto, (max-width: 1400px) 100vw, 1400px\" \/><\/div>[\/vc_column][\/vc_row][vc_row padding_top=&#8221;60&#8243;][vc_column]<h2 class=\"eut-element eut-align-left eut-title-no-line\" style=\"\"><span>PROT\u00c9GEZ VOS CLIENTS. GROSSISSEZ VOTRE CHIFFRE D\u2019AFFAIRES.<\/span><\/h2>[\/vc_column][\/vc_row][vc_row padding_bottom=&#8221;80&#8243;][vc_column][vc_column_text]<strong>Externalisez vos activit\u00e9s d\u2019assurance comptes clients \u00e0 un courtier sp\u00e9cialis\u00e9 qui en conna\u00eet les rouages.<\/strong><\/p>\n<p>L\u2019assurance comptes clients (ACC) peut pr\u00e9senter certains avantages pour le courtier g\u00e9n\u00e9raliste qui dessert des clients commerciaux. Il peut en effet bonifier ses conseils en gestion des risques en d\u00e9crivant comment l\u2019ACC peut prot\u00e9ger ce qui est certes leur actif le plus important\u00a0: les comptes clients. Si vous n\u2019offrez pas ce service, vous pourriez vous exposer \u00e0 des probl\u00e8mes potentiels de responsabilit\u00e9 professionnelle ou encore exposer vos activit\u00e9s \u00e0 un fournisseur \u00e0 service complet qui, lui, offre des services d\u2019ACC.<\/p>\n<p>Fournir de l\u2019assurance comptes clients ne doit pas forc\u00e9ment \u00eatre difficile. Les courtiers g\u00e9n\u00e9ralistes peuvent confier le volet ACC de leurs activit\u00e9s \u00e0 un courtier sp\u00e9cialis\u00e9 qui peut alors explorer le type de police adapt\u00e9 au client et fournir l\u2019expertise n\u00e9cessaire. Le courtier g\u00e9n\u00e9raliste conserve la relation avec le client et re\u00e7oit une commission pour les polices souscrites. A titre de membre de l\u2019ACCC, les courtier G\u00e9n\u00e9raux ayant acc\u00e8s aux membres sp\u00e9cialis\u00e9s peuvent embellir l\u2019offre \u00e0 leurs clients. Cela pourrait augmenter les revenus du courtage, r\u00e9duit les chances de pertes E&amp;O reli\u00e9s aux produits, tout en prot\u00e9geant la relation avec ses clients.<span id=\"yui_3_16_0_ym19_1_1539805195332_454938\">\u00a0 <\/span>Une formule Gagnante-Gagnante pour tous.[\/vc_column_text][\/vc_column][\/vc_row][vc_row bg_type=&#8221;color&#8221; bg_color=&#8221;#f4f4f4&#8243; padding_bottom=&#8221;80&#8243; margin_bottom=&#8221;80&#8243; padding_top=&#8221;80&#8243;][vc_column width=&#8221;1\/2&#8243;][vc_raw_html]JTNDaWZyYW1lJTIwd2lkdGglM0QlMjI1NjAlMjIlMjBoZWlnaHQlM0QlMjIzMTUlMjIlMjBzcmMlM0QlMjJodHRwcyUzQSUyRiUyRnd3dy55b3V0dWJlLmNvbSUyRmVtYmVkJTJGcjJQUnhuM19XSGclM0ZyZWwlM0QwJTI2YW1wJTNCc2hvd2luZm8lM0QwJTIyJTIwZnJhbWVib3JkZXIlM0QlMjIwJTIyJTIwYWxsb3clM0QlMjJhdXRvcGxheSUzQiUyMGVuY3J5cHRlZC1tZWRpYSUyMiUyMGFsbG93ZnVsbHNjcmVlbiUzRSUzQyUyRmlmcmFtZSUzRQ==[\/vc_raw_html]<h3 class=\"eut-element eut-align-left eut-title-no-line\" style=\"\"><span>Occasions d'affaires pour les courtiers g\u00e9n\u00e9raux<\/span><\/h3>[\/vc_column][vc_column width=&#8221;1\/2&#8243;][vc_raw_html]JTNDaWZyYW1lJTIwd2lkdGglM0QlMjI1NjAlMjIlMjBoZWlnaHQlM0QlMjIzMTUlMjIlMjBzcmMlM0QlMjJodHRwcyUzQSUyRiUyRnd3dy55b3V0dWJlLmNvbSUyRmVtYmVkJTJGc2JWSnFqRUdXc1ElM0ZyZWwlM0QwJTI2YW1wJTNCc2hvd2luZm8lM0QwJTIyJTIwZnJhbWVib3JkZXIlM0QlMjIwJTIyJTIwYWxsb3clM0QlMjJhdXRvcGxheSUzQiUyMGVuY3J5cHRlZC1tZWRpYSUyMiUyMGFsbG93ZnVsbHNjcmVlbiUzRSUzQyUyRmlmcmFtZSUzRQ==[\/vc_raw_html]<h3 class=\"eut-element eut-align-left eut-title-no-line\" style=\"\"><span>L\u2019assurance credit repr\u00e9sente une occasion de service strat\u00e9gique pour vous en service de vos clients<\/span><\/h3>[\/vc_column][\/vc_row][vc_row bg_type=&#8221;color&#8221; footer_feature=&#8221;yes&#8221; bg_color=&#8221;#ffffff&#8221;][vc_column][vc_empty_space height=&#8221;80px&#8221;][vc_row_inner][vc_column_inner width=&#8221;1\/2&#8243;][vc_raw_html]JTNDaWZyYW1lJTIwd2lkdGglM0QlMjI1NjAlMjIlMjBoZWlnaHQlM0QlMjIzMTUlMjIlMjBzcmMlM0QlMjJodHRwcyUzQSUyRiUyRnd3dy55b3V0dWJlLmNvbSUyRmVtYmVkJTJGSTc3WlVHVXdoYmclM0ZyZWwlM0QwJTIyJTIwZnJhbWVib3JkZXIlM0QlMjIwJTIyJTIwYWxsb3clM0QlMjJhdXRvcGxheSUzQiUyMGVuY3J5cHRlZC1tZWRpYSUyMiUyMGFsbG93ZnVsbHNjcmVlbiUzRSUzQyUyRmlmcmFtZSUzRQ==[\/vc_raw_html][\/vc_column_inner][vc_column_inner width=&#8221;1\/2&#8243;][vc_empty_space height=&#8221;10px&#8221;]<h3 class=\"eut-element eut-align-left eut-title-no-line\" style=\"margin-bottom: 30px;\"><span>L\u2019ASSURANCE CR\u00c9DIT : UNE OPPORTUNIT\u00c9 POUR LES COURTIERS <\/span><\/h3>[vc_column_text]M\u00eame si l\u2019assurance comptes clients prot\u00e8ge des op\u00e9rations mondiales depuis des d\u00e9cennies, elle peut repr\u00e9senter une nouvelle source de revenus pour les courtiers canadiens. Cette vid\u00e9o d\u2019Atradius (en anglais seulement), r\u00e9sume ce qu\u2019est l\u2019assurance cr\u00e9dit, les diff\u00e9rents types de polices d\u2019assurance disponibles, les possibilit\u00e9s financi\u00e8res, les avantages concurrentiels ainsi qu\u2019une feuille de route pour trouver des clients.<\/p>\n<p>RIAC fait la promotion des occasions de formation pour courtiers, banquiers et entreprises gr\u00e2ce aux\u00a0<a href=\"http:\/\/receivablesinsurancecanada.com\/broker-courses\/\">cours<\/a> de nos membres, qui peuvent donner droit \u00e0 des cr\u00e9dits de formation continue.\u00a0 \u00c0 noter que certains cours ne sont disponibles qu\u2019en anglais. <span lang=\"FR\">Veuillez communiquer directement avec le fournisseur pour savoir s\u2019il est disponible en fran\u00e7ais.<\/span>[\/vc_column_text][\/vc_column_inner][\/vc_row_inner][vc_empty_space height=&#8221;80px&#8221;][\/vc_column][\/vc_row][vc_row][vc_column width=&#8221;1\/2&#8243;][vc_empty_space height=&#8221;160px&#8221;]<h3 class=\"eut-element eut-align-left eut-title-no-line\" style=\"margin-bottom: 30px;\"><span>AIDER LES CLIENTS \u00c0 R\u00c9USSIR<\/span><\/h3>[vc_column_text]Les courtiers ont l\u2019occasion de bonifier leur offre de services destin\u00e9e aux clients commerciaux, en nouant des relations avec les fournisseurs d\u2019assurance comptes clients et en se gardant \u00e0 l\u2019affut des changements du march\u00e9 susceptibles d\u2019influer sur leurs clients.[\/vc_column_text][vc_raw_html]JTNDaWZyYW1lJTIwd2lkdGglM0QlMjI1NjAlMjIlMjBoZWlnaHQlM0QlMjIzMTUlMjIlMjBzcmMlM0QlMjJodHRwcyUzQSUyRiUyRnd3dy55b3V0dWJlLmNvbSUyRmVtYmVkJTJGSzVBaEw0cWlBdDQlM0ZyZWwlM0QwJTI2YW1wJTNCc2hvd2luZm8lM0QwJTIyJTIwZnJhbWVib3JkZXIlM0QlMjIwJTIyJTIwYWxsb3clM0QlMjJhdXRvcGxheSUzQiUyMGVuY3J5cHRlZC1tZWRpYSUyMiUyMGFsbG93ZnVsbHNjcmVlbiUzRSUzQyUyRmlmcmFtZSUzRQ==[\/vc_raw_html][vc_column_text]<\/p>\n<h3 class=\"title style-scope ytd-video-primary-info-renderer\" style=\"text-align: center;\">Est-ce que mes clients b\u00e9n\u00e9ficient de l&#8217;assurance des comptes clients?<\/h3>\n<p>.[\/vc_column_text][vc_empty_space height=&#8221;40px&#8221;][\/vc_column][vc_column width=&#8221;1\/2&#8243;][vc_empty_space height=&#8221;160px&#8221;]<h3 class=\"eut-element eut-align-left eut-title-no-line\" style=\"margin-bottom: 30px;\"><span>D\u00c9COUVREZ COMMENT DEVENIR COURTIER D\u2019ACC<\/span><\/h3>[vc_column_text]Pour en savoir plus sur le r\u00f4le du courtier d\u2019ACC ou les cours qui leur sont destin\u00e9s, veuillez remplir ce formulaire.[\/vc_column_text]\n<div class=\"wpcf7 no-js\" id=\"wpcf7-f3203-o1\" lang=\"en-US\" dir=\"ltr\" data-wpcf7-id=\"3203\">\n<div class=\"screen-reader-response\"><p role=\"status\" aria-live=\"polite\" aria-atomic=\"true\"><\/p> <ul><\/ul><\/div>\n<form action=\"\/fr\/index.php?rest_route=%2Fwp%2Fv2%2Fpages%2F2561#wpcf7-f3203-o1\" method=\"post\" class=\"wpcf7-form init\" aria-label=\"Contact form\" novalidate=\"novalidate\" data-status=\"init\">\n<fieldset class=\"hidden-fields-container\"><input type=\"hidden\" name=\"_wpcf7\" value=\"3203\" \/><input type=\"hidden\" name=\"_wpcf7_version\" value=\"6.1.5\" \/><input type=\"hidden\" name=\"_wpcf7_locale\" value=\"en_US\" \/><input type=\"hidden\" name=\"_wpcf7_unit_tag\" value=\"wpcf7-f3203-o1\" \/><input type=\"hidden\" name=\"_wpcf7_container_post\" value=\"0\" \/><input type=\"hidden\" name=\"_wpcf7_posted_data_hash\" value=\"\" \/>\n<\/fieldset>\n<p><label> VOTRE NOM (OBLIGATOIRE)<br \/>\n<span class=\"wpcf7-form-control-wrap\" data-name=\"your-name\"><input size=\"40\" maxlength=\"400\" class=\"wpcf7-form-control wpcf7-text wpcf7-validates-as-required\" aria-required=\"true\" aria-invalid=\"false\" value=\"\" type=\"text\" name=\"your-name\" \/><\/span> <\/label>\n<\/p>\n<p><label> VOTRE COURRIEL (OBLIGATOIRE)<br \/>\n<span class=\"wpcf7-form-control-wrap\" data-name=\"your-email\"><input size=\"40\" maxlength=\"400\" class=\"wpcf7-form-control wpcf7-email wpcf7-validates-as-required wpcf7-text wpcf7-validates-as-email\" aria-required=\"true\" aria-invalid=\"false\" value=\"\" type=\"email\" name=\"your-email\" \/><\/span> <\/label>\n<\/p>\n<p><label> OBJET<br \/>\n<span class=\"wpcf7-form-control-wrap\" data-name=\"your-subject\"><input size=\"40\" maxlength=\"400\" class=\"wpcf7-form-control wpcf7-text\" aria-invalid=\"false\" value=\"\" type=\"text\" name=\"your-subject\" \/><\/span> <\/label>\n<\/p>\n<p><label> MESSAGE<br \/>\n<span class=\"wpcf7-form-control-wrap\" data-name=\"your-message\"><textarea cols=\"40\" rows=\"10\" maxlength=\"2000\" class=\"wpcf7-form-control wpcf7-textarea\" aria-invalid=\"false\" name=\"your-message\"><\/textarea><\/span> <\/label>\n<\/p>\n<p><label> [recaptcha] <\/label>\n<\/p>\n<p><input class=\"wpcf7-form-control wpcf7-submit has-spinner\" type=\"submit\" value=\"ENVOYEZ VOTRE MESSAGE\" \/>\n<\/p><div class=\"wpcf7-response-output\" aria-hidden=\"true\"><\/div>\n<\/form>\n<\/div>\n[\/vc_column][\/vc_row]<\/p>\n<\/div>","protected":false},"excerpt":{"rendered":"<p>[vc_row bg_type=&#8221;color&#8221; header_feature=&#8221;yes&#8221; column_gap=&#8221;5&#8243; bg_color=&#8221;#dd3333&#8243;][vc_column width=&#8221;1\/6&#8243;][\/vc_column][vc_column width=&#8221;1\/6&#8243;][\/vc_column][vc_column width=&#8221;1\/6&#8243;][\/vc_column][vc_column width=&#8221;1\/6&#8243;][\/vc_column][vc_column width=&#8221;1\/6&#8243;][\/vc_column][vc_column width=&#8221;1\/6&#8243;][\/vc_column][\/vc_row][vc_row padding_top=&#8221;60&#8243;][vc_column][\/vc_column][\/vc_row][vc_row padding_bottom=&#8221;80&#8243;][vc_column][vc_column_text]Les comptes clients sont l\u2019encours le plus important, le plus m\u00e9connu et le plus \u00e0 d\u00e9couvert des entreprises canadiennes. Pour les courtiers d\u2019assurance multirisques, l\u2019assurance comptes clients (reconnu souvent par \u00ab\u00a0assurance-cr\u00e9dit\u00a0\u00bb ou \u00ab\u00a0assurance-cr\u00e9dit commercial\u00a0\u00bb), repr\u00e9sente une occasion de service strat\u00e9gique soutenu par les [&hellip;]<\/p>\n","protected":false},"author":1,"featured_media":0,"parent":0,"menu_order":0,"comment_status":"closed","ping_status":"closed","template":"","meta":{"footnotes":""},"class_list":["post-2561","page","type-page","status-publish","hentry"],"_links":{"self":[{"href":"https:\/\/receivablesinsurancecanada.com\/fr\/index.php?rest_route=\/wp\/v2\/pages\/2561","targetHints":{"allow":["GET"]}}],"collection":[{"href":"https:\/\/receivablesinsurancecanada.com\/fr\/index.php?rest_route=\/wp\/v2\/pages"}],"about":[{"href":"https:\/\/receivablesinsurancecanada.com\/fr\/index.php?rest_route=\/wp\/v2\/types\/page"}],"author":[{"embeddable":true,"href":"https:\/\/receivablesinsurancecanada.com\/fr\/index.php?rest_route=\/wp\/v2\/users\/1"}],"replies":[{"embeddable":true,"href":"https:\/\/receivablesinsurancecanada.com\/fr\/index.php?rest_route=%2Fwp%2Fv2%2Fcomments&post=2561"}],"version-history":[{"count":119,"href":"https:\/\/receivablesinsurancecanada.com\/fr\/index.php?rest_route=\/wp\/v2\/pages\/2561\/revisions"}],"predecessor-version":[{"id":3327,"href":"https:\/\/receivablesinsurancecanada.com\/fr\/index.php?rest_route=\/wp\/v2\/pages\/2561\/revisions\/3327"}],"wp:attachment":[{"href":"https:\/\/receivablesinsurancecanada.com\/fr\/index.php?rest_route=%2Fwp%2Fv2%2Fmedia&parent=2561"}],"curies":[{"name":"wp","href":"https:\/\/api.w.org\/{rel}","templated":true}]}}