{"id":2613,"date":"2018-01-30T19:05:03","date_gmt":"2018-01-30T19:05:03","guid":{"rendered":"https:\/\/receivablesinsurancecanada.com\/fr\/?page_id=2613"},"modified":"2018-11-29T21:38:42","modified_gmt":"2018-11-29T21:38:42","slug":"for-bankers","status":"publish","type":"page","link":"https:\/\/receivablesinsurancecanada.com\/fr\/?page_id=2613","title":{"rendered":"POUR LES BANQUIERS"},"content":{"rendered":"<div class=\"wpb-content-wrapper\"><p>[vc_row heading_color=&#8221;red&#8221; bg_type=&#8221;color&#8221; header_feature=&#8221;yes&#8221; column_gap=&#8221;5&#8243; bg_color=&#8221;#dd3333&#8243;][vc_column width=&#8221;1\/6&#8243;][\/vc_column][vc_column width=&#8221;1\/6&#8243;][\/vc_column][vc_column width=&#8221;1\/6&#8243;][\/vc_column][vc_column width=&#8221;1\/6&#8243;][\/vc_column][vc_column width=&#8221;1\/6&#8243;]<div class=\"eut-element eut-align-left\"><a class=\"eut-btn eut-btn-medium eut-square eut-bg-primary-1\" href=\"https:\/\/receivablesinsurancecanada.com\/podcast-2\/\" target=\"_blank\" style=\"\"><span>PODCAST<\/span><\/a><\/div>[\/vc_column][vc_column width=&#8221;1\/6&#8243;]<div class=\"eut-element eut-align-left\"><a class=\"eut-btn eut-btn-medium eut-square eut-bg-primary-1\" href=\"https:\/\/tradesecurely.ca\/\" target=\"_blank\" style=\"\"><span>Nouvelles de l'Industrie <\/span><\/a><\/div>[\/vc_column][\/vc_row][vc_row padding_top=&#8221;60&#8243;][vc_column]<h2 class=\"eut-element eut-align-left eut-title-no-line\" style=\"margin-bottom: 30px;\"><span>BONIFIER LES S\u00dbRET\u00c9S LIEES AU FINANCEMENT DE FONDS DE ROULEMENT<\/span><\/h2>[vc_column_text]Tout comme une assurance hypoth\u00e9caire vise \u00e0 prot\u00e9ger les banques en cas de forclusion, l\u2019assurance comptes clients bonifie les garanties sur pr\u00eats de fonds de roulement de vos clients, au cas o\u00f9 les acheteurs canadiens ou \u00e9trangers de vos clients ne peuvent s\u2019acquitter de leurs obligations de paiement.\u00a0 Ces perturbations commerciales impr\u00e9vues peuvent \u00eatre attribuables \u00e0 l\u2019insolvabilit\u00e9 de l\u2019acheteur, \u00e0 une carence prolong\u00e9e (\u00e0 savoir l\u2019incapacit\u00e9 de respecter ses obligations dans les d\u00e9lais en raison d\u2019une insuffisance de tr\u00e9sorerie) ou encore \u00e0 des troubles politiques qui entra\u00eenent une perte de comptes clients aux livres.<\/p>\n<p>Les comptes clients repr\u00e9sentent g\u00e9n\u00e9ralement jusqu\u2019\u00e0 40 % du total des actifs d\u2019une entreprise canadienne, ce qui en fait donc l\u2019\u00e9l\u00e9ment principal du bilan. Pour les banquiers, cette insuffisance de couverture se traduit par un risque plus \u00e9lev\u00e9 pour les pr\u00eats de fonds de roulement, peut restreindre la valeur des financements consentis et occasionner des taux d\u2019int\u00e9r\u00eat plus \u00e9lev\u00e9s pour les clients commerciaux, ce qui nuit indirectement \u00e0 la croissance du chiffre d\u2019affaire puisque moins de fonds sont disponibles par voie d\u2019effet de levier de l\u2019actif pour faire accro\u00eetre les activit\u00e9s. L\u2019assurance comptes clients offre l\u2019assurance que les comptes clients de l\u2019entreprise, qui constituent un \u00e9l\u00e9ment cl\u00e9 des s\u00fbret\u00e9s pour les financements de fonds de roulement, sont bien prot\u00e9g\u00e9s.<\/p>\n<p>Moins de 10 000 des 1,1 million d\u2019entreprises employeurs canadiennes utilisent des solutions d\u2019assurance comptes clients. Pourquoi? En partie parce que de nombreux chefs de la direction, chefs de la direction financi\u00e8re, directeurs de cr\u00e9dit et gestionnaires de risque d\u2019entreprise croient, \u00e0 tort, que l\u2019assurance comptes clients est r\u00e9serv\u00e9e aux ventes \u00e0 l\u2019exportation. C\u2019est inexact et, en pr\u00e9sence d\u2019une conjoncture \u00e9conomique sujette \u00e0 des \u00e9v\u00e9nements impr\u00e9vus, malavis\u00e9. Les banquiers qui comprennent les bienfaits et le potentiel de l\u2019assurance comptes clients peuvent accompagner leurs clients commerciaux, et les aider \u00e0 prot\u00e9ger leur plus important actif et \u00e0 accro\u00eetre leurs activit\u00e9s.[\/vc_column_text][\/vc_column][\/vc_row][vc_row padding_top=&#8221;30&#8243;][vc_column]<div class=\"eut-element eut-hr \" style=\"\"><div class=\"eut-line-divider\"><\/div><\/div>[\/vc_column][\/vc_row][vc_row footer_feature=&#8221;yes&#8221; padding_top=&#8221;40&#8243; padding_bottom=&#8221;60&#8243;][vc_column]<div class=\"eut-element eut-slogan eut-align-center\" style=\"\"><h2 class=\"eut-slogan-title eut-align-center eut-title-no-line\"><span>BONIFIEZ VOS S\u00dbRET\u00c9S<\/span><\/h2>  <p class=\"\">Demandez-nous comment l\u2019assurance comptes clients peut contribuer \u00e0 att\u00e9nuer les risques d\u2019une banque lorsqu\u2019elle octroie du financement \u00e0 ses clients.<\/p><div class=\"eut-btn-wrapper\"><a class=\"eut-btn eut-btn-extralarge eut-round eut-bg-primary-1\" href=\"https:\/\/receivablesinsurancecanada.com\/fr\/contact-us\/\" target=\"_blank\" style=\"\"><span>INTERROGEZ-NOUS AU SUJET DE L\u2019ASSURANCE COMPTES CLIENTS ET DES OPERATIONS BANCAIRES<\/span><\/a><\/div><\/div>[\/vc_column][\/vc_row]<\/p>\n<\/div>","protected":false},"excerpt":{"rendered":"<p>[vc_row heading_color=&#8221;red&#8221; bg_type=&#8221;color&#8221; header_feature=&#8221;yes&#8221; column_gap=&#8221;5&#8243; bg_color=&#8221;#dd3333&#8243;][vc_column width=&#8221;1\/6&#8243;][\/vc_column][vc_column width=&#8221;1\/6&#8243;][\/vc_column][vc_column width=&#8221;1\/6&#8243;][\/vc_column][vc_column width=&#8221;1\/6&#8243;][\/vc_column][vc_column width=&#8221;1\/6&#8243;][\/vc_column][vc_column width=&#8221;1\/6&#8243;][\/vc_column][\/vc_row][vc_row padding_top=&#8221;60&#8243;][vc_column][vc_column_text]Tout comme une assurance hypoth\u00e9caire vise \u00e0 prot\u00e9ger les banques en cas de forclusion, l\u2019assurance comptes clients bonifie les garanties sur pr\u00eats de fonds de roulement de vos clients, au cas o\u00f9 les acheteurs canadiens ou \u00e9trangers de vos clients ne peuvent s\u2019acquitter [&hellip;]<\/p>\n","protected":false},"author":1,"featured_media":0,"parent":0,"menu_order":0,"comment_status":"closed","ping_status":"closed","template":"","meta":{"footnotes":""},"class_list":["post-2613","page","type-page","status-publish","hentry"],"_links":{"self":[{"href":"https:\/\/receivablesinsurancecanada.com\/fr\/index.php?rest_route=\/wp\/v2\/pages\/2613","targetHints":{"allow":["GET"]}}],"collection":[{"href":"https:\/\/receivablesinsurancecanada.com\/fr\/index.php?rest_route=\/wp\/v2\/pages"}],"about":[{"href":"https:\/\/receivablesinsurancecanada.com\/fr\/index.php?rest_route=\/wp\/v2\/types\/page"}],"author":[{"embeddable":true,"href":"https:\/\/receivablesinsurancecanada.com\/fr\/index.php?rest_route=\/wp\/v2\/users\/1"}],"replies":[{"embeddable":true,"href":"https:\/\/receivablesinsurancecanada.com\/fr\/index.php?rest_route=%2Fwp%2Fv2%2Fcomments&post=2613"}],"version-history":[{"count":39,"href":"https:\/\/receivablesinsurancecanada.com\/fr\/index.php?rest_route=\/wp\/v2\/pages\/2613\/revisions"}],"predecessor-version":[{"id":3331,"href":"https:\/\/receivablesinsurancecanada.com\/fr\/index.php?rest_route=\/wp\/v2\/pages\/2613\/revisions\/3331"}],"wp:attachment":[{"href":"https:\/\/receivablesinsurancecanada.com\/fr\/index.php?rest_route=%2Fwp%2Fv2%2Fmedia&parent=2613"}],"curies":[{"name":"wp","href":"https:\/\/api.w.org\/{rel}","templated":true}]}}