{"id":2642,"date":"2018-01-30T21:48:25","date_gmt":"2018-01-30T21:48:25","guid":{"rendered":"https:\/\/receivablesinsurancecanada.com\/fr\/?page_id=2642"},"modified":"2018-10-17T11:39:19","modified_gmt":"2018-10-17T11:39:19","slug":"broker-courses","status":"publish","type":"page","link":"https:\/\/receivablesinsurancecanada.com\/fr\/?page_id=2642","title":{"rendered":"Broker Courses"},"content":{"rendered":"<div class=\"wpb-content-wrapper\"><p>[vc_row padding_bottom=&#8221;32&#8243;][vc_column][vc_column_text]<strong>L\u2019Association Canadienne de l\u2019Assurance Comptes Clients fait la promotion d\u2019occasions de formation par le biais de cours dispens\u00e9s par nos membres. Dans les provinces qui exigent des cr\u00e9dits de formation continue, il faut communiquer directement avec le membre en question pour d\u00e9terminer si son cours est reconnu \u00e0 cette fin. Des cours sont disponibles pour les courtiers d\u2019assurance, les banques et les entreprises du Canada.\u00a0\u00c0 noter que certains cours ne sont disponibles qu\u2019en anglais. <span lang=\"FR\">Veuillez communiquer directement avec le fournisseur pour savoir s\u2019il est disponible en fran\u00e7ais.<\/span><\/strong>[\/vc_column_text][\/vc_column][\/vc_row][vc_row padding_top=&#8221;10px&#8221;][vc_column width=&#8221;1\/3&#8243;]<div class=\"eut-element eut-image-text\" style=\"\"><div class=\"eut-image\"><img loading=\"lazy\" decoding=\"async\" width=\"1467\" height=\"335\" src=\"https:\/\/receivablesinsurancecanada.com\/fr\/wp-content\/uploads\/2018\/03\/ATR_nt_rgb_hr.jpg\" class=\"attachment-full size-full\" alt=\"\" srcset=\"https:\/\/receivablesinsurancecanada.com\/fr\/wp-content\/uploads\/2018\/03\/ATR_nt_rgb_hr.jpg 1467w, https:\/\/receivablesinsurancecanada.com\/fr\/wp-content\/uploads\/2018\/03\/ATR_nt_rgb_hr-600x137.jpg 600w, https:\/\/receivablesinsurancecanada.com\/fr\/wp-content\/uploads\/2018\/03\/ATR_nt_rgb_hr-300x69.jpg 300w, https:\/\/receivablesinsurancecanada.com\/fr\/wp-content\/uploads\/2018\/03\/ATR_nt_rgb_hr-768x175.jpg 768w, https:\/\/receivablesinsurancecanada.com\/fr\/wp-content\/uploads\/2018\/03\/ATR_nt_rgb_hr-1024x234.jpg 1024w\" sizes=\"auto, (max-width: 1467px) 100vw, 1467px\" \/><\/div>  <div class=\"eut-content eut-align-left\">  <\/div><\/div>[vc_column_text]Le cours d\u2019Atradius, qui explique les rouages de l\u2019assurance comptes clients, est destin\u00e9 aux courtiers d\u2019assurance multirisques. Il peut aussi \u00eatre personnalis\u00e9 pour des avocats, des banquiers et des comptables.[\/vc_column_text][\/vc_column][vc_column width=&#8221;1\/3&#8243;][vc_column_text]<strong>LA MATI\u00c8RE<\/strong><\/p>\n<p>Ce cours aborde les sujets suivants :<\/p>\n<ul>\n<li>Ce que l\u2019assurance comptes clients couvre et ne couvre pas<\/li>\n<li>La police d\u2019assurance comptes clients : sa nature et ses principales conditions<\/li>\n<li>L\u2019assurance comptes clients dans le monde et au Canada<\/li>\n<li>Intervention des courtiers et les avantages<\/li>\n<li>Exemples<\/li>\n<li>\u00c9tudes de cas<\/li>\n<\/ul>\n<p>[\/vc_column_text][\/vc_column][vc_column width=&#8221;1\/3&#8243;][vc_column_text]<strong>FORMAT DU COURS<\/strong><\/p>\n<p>Cours magistral de 2 heures dispens\u00e9 en personne[\/vc_column_text][vc_column_text]<strong>INSCRIPTION<\/strong><\/p>\n<p>Tania Rivard, Atradius Canada<\/p>\n<p>866.550.5445\u00a0 |\u00a0\u00a0<a href=\"mailto:tania.rivard@atradius.com\">Cliquez ici pour envoyer un message \u00e0<\/a> Tania Rivard[\/vc_column_text][\/vc_column][\/vc_row][vc_row][vc_column]<div class=\"eut-element eut-hr \" style=\"\"><div class=\"eut-line-divider\"><\/div><\/div>[\/vc_column][\/vc_row][vc_row padding_top=&#8221;30px&#8221;][vc_column width=&#8221;1\/3&#8243;]<div class=\"eut-element eut-image-text\" style=\"\"><div class=\"eut-image\"><img loading=\"lazy\" decoding=\"async\" width=\"320\" height=\"108\" src=\"https:\/\/receivablesinsurancecanada.com\/fr\/wp-content\/uploads\/2018\/03\/Screen-Shot-2018-03-05-at-16.47.23.png\" class=\"attachment-full size-full\" alt=\"\" srcset=\"https:\/\/receivablesinsurancecanada.com\/fr\/wp-content\/uploads\/2018\/03\/Screen-Shot-2018-03-05-at-16.47.23.png 320w, https:\/\/receivablesinsurancecanada.com\/fr\/wp-content\/uploads\/2018\/03\/Screen-Shot-2018-03-05-at-16.47.23-300x101.png 300w\" sizes=\"auto, (max-width: 320px) 100vw, 320px\" \/><\/div>  <div class=\"eut-content eut-align-left\">  <\/div><\/div>[vc_column_text]Le cours de la Coface est destin\u00e9 aux courtiers d\u2019assurance multirisques qui ne se sp\u00e9cialisent pas dans la mise en march\u00e9 de l\u2019assurance comptes clients.<\/p>\n<p>Au programme\u00a0: un historique de l\u2019assurance comptes clients au Canada et ailleurs dans le monde, son utilisation comme outil d\u2019att\u00e9nuation des risques nationaux et \u00e0 l\u2019exportation, ainsi que les questions courantes que pose la client\u00e8le cible.\u00a0 Le courtier apprendra ce qu\u2019est la couverture type, les exclusions habituelles et des notions de base quant \u00e0 la \u00ab\u00a0terminologie de l\u2019assurance comptes clients\u00a0\u00bb afin de pouvoir discuter de la couverture avec un client.<\/p>\n<p>En plus d\u2019\u00eatre initi\u00e9s aux polices m\u00eames, les participants seront sensibilis\u00e9s aux avantages de l\u2019assurance comptes clients comme outil pur d\u2019att\u00e9nuation des risques, bonification de marges bancaires nouvelles ou existantes, avantage concurrentiel pour l\u2019acc\u00e8s \u00e0 de nouveaux d\u00e9bouch\u00e9s, l\u2019octroi de lignes de cr\u00e9dit plus importantes aux clients, ainsi que l\u2019externalisation d\u2019une partie ou de la totalit\u00e9 de la fonction de cr\u00e9dit d\u2019un client.<\/p>\n<p>Le cours explique \u00e9galement ce que sont les avantages pour un courtier d\u2019offrir de l\u2019assurance comptes clients. Lorsqu\u2019il conna\u00eet un tr\u00e8s grand nombre de produits, le courtier peut mieux desservir ses clients et prot\u00e9ger sa client\u00e8le contre les avanc\u00e9es concurrentielles d\u2019autres courtiers dans l\u2019assurance comptes clients afin de tirer parti de nouvelles relations.[\/vc_column_text][\/vc_column][vc_column width=&#8221;1\/3&#8243;][vc_column_text]<strong>LA MATI\u00c8RE<\/strong><br \/>\nCe cours aborde les sujets suivants :<\/p>\n<ul>\n<li>Un historique de l\u2019assurance comptes clients au Canada et ailleurs dans le monde<\/li>\n<li>Le recours \u00e0 l\u2019assurance comptes clients pour l\u2019att\u00e9nuation des risques canadiens et \u00e0 l\u2019exportation<\/li>\n<li>Une description de la couverture type<\/li>\n<li>Avantages pour le courtier d\u2019offrir de l\u2019assurance comptes clients<\/li>\n<\/ul>\n<p>[\/vc_column_text][\/vc_column][vc_column width=&#8221;1\/3&#8243;][vc_column_text]<strong>FORMAT DU COURS<\/strong><\/p>\n<p>Cours magistral de 2 heures suivi d\u2019une p\u00e9riode de questions de 30 \u00e0 60 minutes.[\/vc_column_text][vc_column_text]<strong>REGISTRATION<\/strong><br \/>\nNIcolas Barrandon,\u00a0Coface Canada<\/p>\n<p>647.426-4031\u00a0 |\u00a0\u00a0<a href=\"mailto:nicolas.barrandon@coface.com\">Cliquez ici pour envoyer un message \u00e0<\/a> Nicolas Barrandon[\/vc_column_text][\/vc_column][\/vc_row][vc_row][vc_column]<div class=\"eut-element eut-hr \" style=\"\"><div class=\"eut-line-divider\"><\/div><\/div>[\/vc_column][\/vc_row][vc_row padding_top=&#8221;30px&#8221;][vc_column width=&#8221;1\/3&#8243;]<div class=\"eut-element eut-image-text\" style=\"\"><div class=\"eut-image\"><img loading=\"lazy\" decoding=\"async\" width=\"250\" height=\"55\" src=\"https:\/\/receivablesinsurancecanada.com\/fr\/wp-content\/uploads\/2018\/03\/Screen-Shot-2018-03-07-at-19.38.12.png\" class=\"attachment-full size-full\" alt=\"\" \/><\/div>  <div class=\"eut-content eut-align-left\">  <\/div><\/div>[vc_column_text]L&#8217;assurance\u00a0cr\u00e9dit, pour une gestion saine de l&#8217;entreprise<\/p>\n<p>\u00c0 la fin de cette formation, les participants seront capables de reconna\u00eetre les protections vis\u00e9es par l\u2019assurance cr\u00e9dit pour mieux prot\u00e9ger ce risque. La formation abordera les notions de base de l\u2019assurance cr\u00e9dit, les diff\u00e9rentes couvertures et les exclusions de ce produit, son mode de distribution au Qu\u00e9bec. Elle exposera en d\u00e9tail la m\u00e9thode servant \u00e0 d\u00e9terminer les besoins de l\u2019assur\u00e9 (types de police, b\u00e9n\u00e9fices, limites de cr\u00e9dit\u2026).[\/vc_column_text][\/vc_column][vc_column width=&#8221;1\/3&#8243;][vc_column_text]<strong>LA MATI\u00c8RE<\/strong><br \/>\nCe cours aborde les sujets suivants :<\/p>\n<ul>\n<li>La formation abordera les notions de base de l\u2019assurance cr\u00e9dit, les diff\u00e9rentes couvertures et les exclusions de ce produit, son mode de distribution au Qu\u00e9bec.<\/li>\n<li>la m\u00e9thode servant \u00e0 d\u00e9terminer les besoins de l\u2019assur\u00e9 (types de police, b\u00e9n\u00e9fices, limites de cr\u00e9dit\u2026)<\/li>\n<\/ul>\n<p>[\/vc_column_text][\/vc_column][vc_column width=&#8221;1\/3&#8243;][vc_column_text]<strong>FORMAT DU COURS<\/strong><\/p>\n<p>Cours magistral de 4 heures[\/vc_column_text][vc_column_text]<strong>REGISTRATION<\/strong><br \/>\nMichelle Davy, <em>CreditAssur<\/em>\u00a0Inc.<\/p>\n<p>514.674.1227 |\u00a0\u00a0<a href=\"mailto:mdavy2003@yahoo.ca\">Cliquez ici pour envoyer un message \u00e0<\/a> Michelle Davy[\/vc_column_text][\/vc_column][\/vc_row][vc_row][vc_column]<div class=\"eut-element eut-hr \" style=\"\"><div class=\"eut-line-divider\"><\/div><\/div>[\/vc_column][\/vc_row][vc_row padding_top=&#8221;30px&#8221;][vc_column width=&#8221;1\/3&#8243;]<div class=\"eut-element eut-image-text\" style=\"\"><div class=\"eut-image\"><img loading=\"lazy\" decoding=\"async\" width=\"230\" height=\"55\" src=\"https:\/\/receivablesinsurancecanada.com\/fr\/wp-content\/uploads\/2018\/03\/image001.png\" class=\"attachment-full size-full\" alt=\"\" \/><\/div>  <div class=\"eut-content eut-align-left\">  <\/div><\/div>[vc_column_text]Le cours Euler Hermes est destin\u00e9 aux courtiers d\u2019assurance multirisques qui ne connaissent pas l\u2019assurance comptes clients ou qui souhaite en savoir plus \u00e0 ce sujet, et la mani\u00e8re de l\u2019utiliser pour bonifier la relation avec leurs clients. Un cours personnalis\u00e9 pour les banquiers est \u00e9galement disponible.<\/p>\n<p>Le cours pr\u00e9sente un aper\u00e7u technique de l\u2019assurance comptes clients, ce que couvre la police et comment elle r\u00e9agit dans diff\u00e9rents contextes. Les courtiers d\u00e9couvriront ce que sont les principaux avantages de l\u2019assurance cr\u00e9dit, et qui est plus apte d\u2019acqu\u00e9rir un tel produit.\u00a0 La discussion est \u00e9tay\u00e9e d\u2019exemples et d\u2019\u00e9tudes de cas qui aideront les courtiers \u00e0 comprendre les avantages de l\u2019assurance comptes clients pour leurs clients, et \u00e0 les faire valoir.[\/vc_column_text][\/vc_column][vc_column width=&#8221;1\/3&#8243;][vc_column_text]<strong>LA MATI\u00c8RE<\/strong><br \/>\nCe cours aborde les sujets suivants :<\/p>\n<ul>\n<li>Notions de base de l\u2019assurance comptes clients<\/li>\n<li>Qui ach\u00e8te de l\u2019assurance comptes clients, et pourquoi?<\/li>\n<li>Exemples et \u00e9tudes de cas<\/li>\n<li>Aper\u00e7u du march\u00e9 de l\u2019assurance comptes clients<\/li>\n<li>Avantages pour le courtier<\/li>\n<\/ul>\n<p>[\/vc_column_text][\/vc_column][vc_column width=&#8221;1\/3&#8243;][vc_column_text]<strong>FORMAT DU COURS<\/strong><br \/>\nCours magistral de 1,5 heure suivi d\u2019une p\u00e9riode de questions de 30 minutes[\/vc_column_text][vc_column_text]<strong>INSCRIPTION<\/strong><\/p>\n<p>Jocelyn St-Onge, Directeur, Partenaires strat\u00e9giques, Euler Hermes Canada<\/p>\n<p>416-951-6726\u00a0 |\u00a0 <a href=\"mailto:jocelyn.st-onge@eulerhermes.com\">Cliquez ici pour envoyer un message \u00e0<\/a> Jocelyn St-Onge[\/vc_column_text][\/vc_column][\/vc_row][vc_row][vc_column]<div class=\"eut-element eut-hr \" style=\"\"><div class=\"eut-line-divider\"><\/div><\/div>[\/vc_column][\/vc_row][vc_row padding_top=&#8221;30px&#8221;][vc_column width=&#8221;1\/3&#8243;]<div class=\"eut-element eut-image-text\" style=\"\"><div class=\"eut-image\"><img loading=\"lazy\" decoding=\"async\" width=\"1287\" height=\"1058\" src=\"https:\/\/receivablesinsurancecanada.com\/fr\/wp-content\/uploads\/2018\/03\/GCRM-Logo-2016-full-name.jpg\" class=\"attachment-full size-full\" alt=\"\" srcset=\"https:\/\/receivablesinsurancecanada.com\/fr\/wp-content\/uploads\/2018\/03\/GCRM-Logo-2016-full-name.jpg 1287w, https:\/\/receivablesinsurancecanada.com\/fr\/wp-content\/uploads\/2018\/03\/GCRM-Logo-2016-full-name-600x493.jpg 600w, https:\/\/receivablesinsurancecanada.com\/fr\/wp-content\/uploads\/2018\/03\/GCRM-Logo-2016-full-name-300x247.jpg 300w, https:\/\/receivablesinsurancecanada.com\/fr\/wp-content\/uploads\/2018\/03\/GCRM-Logo-2016-full-name-768x631.jpg 768w, https:\/\/receivablesinsurancecanada.com\/fr\/wp-content\/uploads\/2018\/03\/GCRM-Logo-2016-full-name-1024x842.jpg 1024w\" sizes=\"auto, (max-width: 1287px) 100vw, 1287px\" \/><\/div>  <div class=\"eut-content eut-align-left\">  <\/div><\/div>[vc_column_text]Gestion du Risque Cr\u00e9dit Mondial a \u00e9labor\u00e9 un cours sur l\u2019assurance comptes clients pour les courtiers d\u2019assurance multirisques et un pour les banquiers. \u00a0Ce cours est dispens\u00e9 par un courtier d\u2019assurance \u00e0 des courtiers d\u2019assurance. Il donne un aper\u00e7u de l\u2019industrie de l\u2019assurance comptes clients, y compris du produit, du march\u00e9 et des avantages pour les titulaires de polices. Le cours est reconnu par RIBO et fournit une heure de perfectionnement professionnel \u00e0 tous les participants.[\/vc_column_text][\/vc_column][vc_column width=&#8221;1\/3&#8243;][vc_column_text]<strong>LA MATI\u00c8RE<\/strong><\/p>\n<p>Ce cours aborde les sujets suivants :<\/p>\n<ul>\n<li>Qu\u2019entend-on par assurance comptes clients?<\/li>\n<li>Ampleur du march\u00e9 de l\u2019assurance comptes clients au Canada<\/li>\n<li>Ce qui motive les soci\u00e9t\u00e9s \u00e0 souscrire une assurance comptes clients (avec \u00e9tudes de cas)<\/li>\n<li>Types de polices<\/li>\n<li>Le r\u00f4le du courtier<\/li>\n<\/ul>\n<p>[\/vc_column_text][\/vc_column][vc_column width=&#8221;1\/3&#8243;][vc_column_text]<strong>FORMAT DU COURS<\/strong><br \/>\nCours magistral de 45 minutes suivi d\u2019une p\u00e9riode de questions de 15 minutes.[\/vc_column_text][vc_column_text]<strong>INSCRIPTION<\/strong><\/p>\n<p>John Middleton, Gestion du Risque Cr\u00e9dit Mondial<\/p>\n<p>416-889-5932\u00a0 |\u00a0 <a href=\"mailto:jmiddleton@gcrm.ca\">Cliquez ici pour envoyer un message \u00e0<\/a> John Middleton[\/vc_column_text][\/vc_column][\/vc_row]<\/p>\n<\/div>","protected":false},"excerpt":{"rendered":"<p>[vc_row padding_bottom=&#8221;32&#8243;][vc_column][vc_column_text]L\u2019Association Canadienne de l\u2019Assurance Comptes Clients fait la promotion d\u2019occasions de formation par le biais de cours dispens\u00e9s par nos membres. Dans les provinces qui exigent des cr\u00e9dits de formation continue, il faut communiquer directement avec le membre en question pour d\u00e9terminer si son cours est reconnu \u00e0 cette fin. Des cours sont disponibles [&hellip;]<\/p>\n","protected":false},"author":1,"featured_media":0,"parent":0,"menu_order":0,"comment_status":"closed","ping_status":"closed","template":"","meta":{"footnotes":""},"class_list":["post-2642","page","type-page","status-publish","hentry"],"_links":{"self":[{"href":"https:\/\/receivablesinsurancecanada.com\/fr\/index.php?rest_route=\/wp\/v2\/pages\/2642","targetHints":{"allow":["GET"]}}],"collection":[{"href":"https:\/\/receivablesinsurancecanada.com\/fr\/index.php?rest_route=\/wp\/v2\/pages"}],"about":[{"href":"https:\/\/receivablesinsurancecanada.com\/fr\/index.php?rest_route=\/wp\/v2\/types\/page"}],"author":[{"embeddable":true,"href":"https:\/\/receivablesinsurancecanada.com\/fr\/index.php?rest_route=\/wp\/v2\/users\/1"}],"replies":[{"embeddable":true,"href":"https:\/\/receivablesinsurancecanada.com\/fr\/index.php?rest_route=%2Fwp%2Fv2%2Fcomments&post=2642"}],"version-history":[{"count":28,"href":"https:\/\/receivablesinsurancecanada.com\/fr\/index.php?rest_route=\/wp\/v2\/pages\/2642\/revisions"}],"predecessor-version":[{"id":3278,"href":"https:\/\/receivablesinsurancecanada.com\/fr\/index.php?rest_route=\/wp\/v2\/pages\/2642\/revisions\/3278"}],"wp:attachment":[{"href":"https:\/\/receivablesinsurancecanada.com\/fr\/index.php?rest_route=%2Fwp%2Fv2%2Fmedia&parent=2642"}],"curies":[{"name":"wp","href":"https:\/\/api.w.org\/{rel}","templated":true}]}}