{"id":2688,"date":"2018-02-01T19:33:28","date_gmt":"2018-02-01T19:33:28","guid":{"rendered":"https:\/\/receivablesinsurancecanada.com\/fr\/?page_id=2688"},"modified":"2018-11-29T21:42:16","modified_gmt":"2018-11-29T21:42:16","slug":"for-business","status":"publish","type":"page","link":"https:\/\/receivablesinsurancecanada.com\/fr\/?page_id=2688","title":{"rendered":"Pour Les Entreprises"},"content":{"rendered":"<div class=\"wpb-content-wrapper\"><p>[vc_row heading_color=&#8221;red&#8221; bg_type=&#8221;color&#8221; header_feature=&#8221;yes&#8221; flex_height=&#8221;yes&#8221; column_gap=&#8221;5&#8243; bg_color=&#8221;#dd3333&#8243;][vc_column width=&#8221;1\/6&#8243;][\/vc_column][vc_column width=&#8221;1\/6&#8243;][\/vc_column][vc_column width=&#8221;1\/6&#8243;][\/vc_column][vc_column width=&#8221;1\/6&#8243;][\/vc_column][vc_column width=&#8221;1\/6&#8243;]<div class=\"eut-element eut-align-left\"><a class=\"eut-btn eut-btn-medium eut-square eut-bg-primary-1\" href=\"https:\/\/receivablesinsurancecanada.com\/podcast-2\/\" target=\"_blank\" style=\"\"><span>PODCAST<\/span><\/a><\/div>[\/vc_column][vc_column width=&#8221;1\/6&#8243;]<div class=\"eut-element eut-align-left\"><a class=\"eut-btn eut-btn-medium eut-square eut-bg-primary-1\" href=\"https:\/\/tradesecurely.ca\/\" target=\"_blank\" style=\"\"><span>Nouvelles de l'Industrie <\/span><\/a><\/div>[\/vc_column][\/vc_row][vc_row padding_top=&#8221;60&#8243;][vc_column]<h2 class=\"eut-element eut-align-left eut-title-no-line\" style=\"\"><span>ATT\u00c9NUEZ LES RISQUES : PROT\u00c9GEZ-VOUS <\/span><\/h2>[\/vc_column][\/vc_row][vc_row][vc_column][vc_column_text]<strong>Moins de 1 % des comptes clients canadiens sont assur\u00e9s. <\/strong><strong>Cet encours gigantesque est constitu\u00e9 de toutes les cr\u00e9ances interentreprises au Canada. L\u2019impact \u00e9ventuel individuel est encore plus lourd, puisque les comptes clients peuvent repr\u00e9senter jusqu\u2019\u00e0 concurrence de 40 % des actifs d\u2019une entreprise canadienne.<\/strong><\/p>\n<p>Tout comme une assurance hypoth\u00e9caire vise \u00e0 prot\u00e9ger la banque en cas de forclusion, l\u2019assurance comptes clients prot\u00e8ge votre entreprise contre les acheteurs canadiens ou \u00e9trangers qui ne peuvent s\u2019acquitter de leurs obligations de paiement. Ces perturbations commerciales impr\u00e9vues peuvent \u00eatre attribuables \u00e0 l\u2019insolvabilit\u00e9 de l\u2019acheteur, \u00e0 une carence prolong\u00e9e (\u00e0 savoir l\u2019incapacit\u00e9 de respecter ses obligations dans les d\u00e9lais en raison d\u2019une insuffisance de tr\u00e9sorerie) ou encore des troubles politiques qui entra\u00eenent une perte de comptes clients aux livres.<\/p>\n<p>Tout comme l\u2019assurance hypoth\u00e9caire, une police d\u2019assurance comptes clients peut occasionner des conditions de financement plus favorables. Elle peut \u00e9galement cr\u00e9er plus de fonds pour que vous puissiez accro\u00eetre votre chiffre d\u2019affaires, en faisant augmenter la valeur de nantissement des comptes clients. Gr\u00e2ce \u00e0 l\u2019assurance comptes clients, votre entreprise peut envisager l\u2019octroi de lignes de cr\u00e9dit plus importantes \u00e0 ses acheteurs, ce qui leur permettra d\u2019acheter plus de produits ou de services. Ce type d\u2019assurance peut permettre \u00e0 votre entreprise d\u2019offrir des modalit\u00e9s de cr\u00e9dit de 60 jours au lieu de 30 jours, par exemple, ou encore d\u2019exp\u00e9dier de plus grandes quantit\u00e9s de produits pour satisfaire une demande saisonni\u00e8re.<\/p>\n<p>Pour une entreprise plus petite, l\u2019assurance comptes clients permet d\u2019externaliser certains aspects de la gestion du cr\u00e9dit. Les assureurs cr\u00e9dit connaissent tr\u00e8s bien tous les march\u00e9s du monde et se sp\u00e9cialisent dans l\u2019\u00e9valuation du risque de cr\u00e9dit, quels que soient la conjoncture \u00e9conomique et le climat politique. L\u2019achat d\u2019une police d\u2019assurance comptes clients donne acc\u00e8s \u00e0 ces ressources mondiales.<\/p>\n<p>[\/vc_column_text][\/vc_column][\/vc_row][vc_row bg_type=&#8221;color&#8221; footer_feature=&#8221;yes&#8221; bg_color=&#8221;#f4f4f4&#8243;][vc_column width=&#8221;1\/2&#8243;][vc_empty_space height=&#8221;80px&#8221;][vc_raw_html]JTNDaWZyYW1lJTIwd2lkdGglM0QlMjI1NjAlMjIlMjBoZWlnaHQlM0QlMjIzMTUlMjIlMjBzcmMlM0QlMjJodHRwcyUzQSUyRiUyRnd3dy55b3V0dWJlLmNvbSUyRmVtYmVkJTJGNFdxRDZtYmRNSnclM0ZyZWwlM0QwJTI2YW1wJTNCc2hvd2luZm8lM0QwJTIyJTIwZnJhbWVib3JkZXIlM0QlMjIwJTIyJTIwYWxsb3clM0QlMjJhdXRvcGxheSUzQiUyMGVuY3J5cHRlZC1tZWRpYSUyMiUyMGFsbG93ZnVsbHNjcmVlbiUzRSUzQyUyRmlmcmFtZSUzRQ==[\/vc_raw_html]<h3 class=\"eut-element eut-align-left eut-title-no-line\" style=\"\"><span>Les b\u00e9n\u00e9fices de l'Assurance Cr\u00e9dit<\/span><\/h3>[vc_empty_space height=&#8221;80px&#8221;][vc_raw_html]JTNDaWZyYW1lJTIwd2lkdGglM0QlMjI1NjAlMjIlMjBoZWlnaHQlM0QlMjIzMTUlMjIlMjBzcmMlM0QlMjJodHRwcyUzQSUyRiUyRnd3dy55b3V0dWJlLmNvbSUyRmVtYmVkJTJGLWxuQzdpWER4TzQlM0ZyZWwlM0QwJTI2YW1wJTNCc2hvd2luZm8lM0QwJTIyJTIwZnJhbWVib3JkZXIlM0QlMjIwJTIyJTIwYWxsb3clM0QlMjJhdXRvcGxheSUzQiUyMGVuY3J5cHRlZC1tZWRpYSUyMiUyMGFsbG93ZnVsbHNjcmVlbiUzRSUzQyUyRmlmcmFtZSUzRQ==[\/vc_raw_html]<h3 class=\"eut-element eut-align-left eut-title-no-line\" style=\"\"><span>Augmenter la marge de credit avec l'assurance des comptes clients<\/span><\/h3>[vc_empty_space height=&#8221;80px&#8221;][\/vc_column][vc_column width=&#8221;1\/2&#8243;][vc_empty_space height=&#8221;80px&#8221;][vc_raw_html]JTNDaWZyYW1lJTIwd2lkdGglM0QlMjI1NjAlMjIlMjBoZWlnaHQlM0QlMjIzMTUlMjIlMjBzcmMlM0QlMjJodHRwcyUzQSUyRiUyRnd3dy55b3V0dWJlLmNvbSUyRmVtYmVkJTJGSHJfTUd4dDFQZlUlM0ZyZWwlM0QwJTI2YW1wJTNCc2hvd2luZm8lM0QwJTIyJTIwZnJhbWVib3JkZXIlM0QlMjIwJTIyJTIwYWxsb3clM0QlMjJhdXRvcGxheSUzQiUyMGVuY3J5cHRlZC1tZWRpYSUyMiUyMGFsbG93ZnVsbHNjcmVlbiUzRSUzQyUyRmlmcmFtZSUzRQ==[\/vc_raw_html]<h3 class=\"eut-element eut-align-left eut-title-no-line\" style=\"\"><span>Le co\u00fbt de l'Assurance Cr\u00e9dit<\/span><\/h3>[vc_empty_space height=&#8221;80px&#8221;][vc_raw_html]JTNDaWZyYW1lJTIwd2lkdGglM0QlMjI1NjAlMjIlMjBoZWlnaHQlM0QlMjIzMTUlMjIlMjBzcmMlM0QlMjJodHRwcyUzQSUyRiUyRnd3dy55b3V0dWJlLmNvbSUyRmVtYmVkJTJGUXp0WlNVSlNmR2clM0ZyZWwlM0QwJTI2YW1wJTNCc2hvd2luZm8lM0QwJTIyJTIwZnJhbWVib3JkZXIlM0QlMjIwJTIyJTIwYWxsb3clM0QlMjJhdXRvcGxheSUzQiUyMGVuY3J5cHRlZC1tZWRpYSUyMiUyMGFsbG93ZnVsbHNjcmVlbiUzRSUzQyUyRmlmcmFtZSUzRQ==[\/vc_raw_html]<h3 class=\"eut-element eut-align-left eut-title-no-line\" style=\"\"><span>SIGNES PR\u00c9CURSEURS DE PROBL\u00c8MES CLIENTS <\/span><\/h3>[vc_empty_space height=&#8221;80px&#8221;][\/vc_column][\/vc_row][vc_row footer_feature=&#8221;yes&#8221; padding_top=&#8221;150&#8243; padding_bottom=&#8221;60&#8243;][vc_column]<div class=\"eut-element eut-slogan eut-align-center\" style=\"\"><h2 class=\"eut-slogan-title eut-align-center eut-title-no-line\"><span>COMMENT L\u2019ASSURANCE COMPTES CLIENTS PEUT-ELLE AIDER VOTRE ENTREPRISE?<\/span><\/h2>  <p class=\"\">Si vous avez des questions au sujet de l\u2019assurance comptes clients et de ses avantages pour votre entreprise, communiquez avec nous.<\/p><div class=\"eut-btn-wrapper\"><a class=\"eut-btn eut-btn-extralarge eut-round eut-bg-primary-1\" href=\"https:\/\/receivablesinsurancecanada.com\/fr\/contact-us\/\" target=\"_blank\" style=\"\"><span>INTERROGEZ-NOUS SUR L\u2018ASSURANCE COMPTES CLIENTS<\/span><\/a><\/div><\/div>[\/vc_column][\/vc_row]<\/p>\n<\/div>","protected":false},"excerpt":{"rendered":"<p>[vc_row heading_color=&#8221;red&#8221; bg_type=&#8221;color&#8221; header_feature=&#8221;yes&#8221; flex_height=&#8221;yes&#8221; column_gap=&#8221;5&#8243; bg_color=&#8221;#dd3333&#8243;][vc_column width=&#8221;1\/6&#8243;][\/vc_column][vc_column width=&#8221;1\/6&#8243;][\/vc_column][vc_column width=&#8221;1\/6&#8243;][\/vc_column][vc_column width=&#8221;1\/6&#8243;][\/vc_column][vc_column width=&#8221;1\/6&#8243;][\/vc_column][vc_column width=&#8221;1\/6&#8243;][\/vc_column][\/vc_row][vc_row padding_top=&#8221;60&#8243;][vc_column][\/vc_column][\/vc_row][vc_row][vc_column][vc_column_text]Moins de 1 % des comptes clients canadiens sont assur\u00e9s. Cet encours gigantesque est constitu\u00e9 de toutes les cr\u00e9ances interentreprises au Canada. L\u2019impact \u00e9ventuel individuel est encore plus lourd, puisque les comptes clients peuvent repr\u00e9senter jusqu\u2019\u00e0 concurrence de 40 % des actifs [&hellip;]<\/p>\n","protected":false},"author":1,"featured_media":0,"parent":0,"menu_order":0,"comment_status":"closed","ping_status":"closed","template":"","meta":{"footnotes":""},"class_list":["post-2688","page","type-page","status-publish","hentry"],"_links":{"self":[{"href":"https:\/\/receivablesinsurancecanada.com\/fr\/index.php?rest_route=\/wp\/v2\/pages\/2688","targetHints":{"allow":["GET"]}}],"collection":[{"href":"https:\/\/receivablesinsurancecanada.com\/fr\/index.php?rest_route=\/wp\/v2\/pages"}],"about":[{"href":"https:\/\/receivablesinsurancecanada.com\/fr\/index.php?rest_route=\/wp\/v2\/types\/page"}],"author":[{"embeddable":true,"href":"https:\/\/receivablesinsurancecanada.com\/fr\/index.php?rest_route=\/wp\/v2\/users\/1"}],"replies":[{"embeddable":true,"href":"https:\/\/receivablesinsurancecanada.com\/fr\/index.php?rest_route=%2Fwp%2Fv2%2Fcomments&post=2688"}],"version-history":[{"count":62,"href":"https:\/\/receivablesinsurancecanada.com\/fr\/index.php?rest_route=\/wp\/v2\/pages\/2688\/revisions"}],"predecessor-version":[{"id":3334,"href":"https:\/\/receivablesinsurancecanada.com\/fr\/index.php?rest_route=\/wp\/v2\/pages\/2688\/revisions\/3334"}],"wp:attachment":[{"href":"https:\/\/receivablesinsurancecanada.com\/fr\/index.php?rest_route=%2Fwp%2Fv2%2Fmedia&parent=2688"}],"curies":[{"name":"wp","href":"https:\/\/api.w.org\/{rel}","templated":true}]}}