{"id":2718,"date":"2018-02-05T20:24:51","date_gmt":"2018-02-05T20:24:51","guid":{"rendered":"https:\/\/receivablesinsurancecanada.com\/fr\/?page_id=2718"},"modified":"2018-04-27T19:48:42","modified_gmt":"2018-04-27T19:48:42","slug":"news","status":"publish","type":"page","link":"https:\/\/receivablesinsurancecanada.com\/fr\/?page_id=2718","title":{"rendered":"LES ACTUALIT\u00c9S RIAC"},"content":{"rendered":"<div class=\"wpb-content-wrapper\"><p>[vc_row padding_bottom=&#8221;30&#8243;][vc_column width=&#8221;1\/2&#8243;]<div class=\"eut-element eut-box eut-align-left\" style=\"\"><div class=\"eut-media\"><a href=\"http:\/\/tradesecurely.ca\/\" target=\"_blank\"><img loading=\"lazy\" decoding=\"async\" width=\"1408\" height=\"485\" src=\"https:\/\/receivablesinsurancecanada.com\/fr\/wp-content\/uploads\/2018\/03\/Trade-Securely.jpg\" class=\"attachment-full size-full\" alt=\"\" srcset=\"https:\/\/receivablesinsurancecanada.com\/fr\/wp-content\/uploads\/2018\/03\/Trade-Securely.jpg 1408w, https:\/\/receivablesinsurancecanada.com\/fr\/wp-content\/uploads\/2018\/03\/Trade-Securely-600x207.jpg 600w, https:\/\/receivablesinsurancecanada.com\/fr\/wp-content\/uploads\/2018\/03\/Trade-Securely-300x103.jpg 300w, https:\/\/receivablesinsurancecanada.com\/fr\/wp-content\/uploads\/2018\/03\/Trade-Securely-768x265.jpg 768w, https:\/\/receivablesinsurancecanada.com\/fr\/wp-content\/uploads\/2018\/03\/Trade-Securely-1024x353.jpg 1024w\" sizes=\"auto, (max-width: 1408px) 100vw, 1408px\" \/><\/a><\/div>  <div class=\"eut-box-content\">    <p><\/p>  <\/div><\/div>[\/vc_column][vc_column width=&#8221;1\/2&#8243;][vc_column_text]TradeSecurely.ca pr\u00e9sente l\u2019information et les comptes-rendus d\u2019affaires et de l\u2019industrie les plus r\u00e9cents en mati\u00e8re de commerce publi\u00e9s par les membres de RIAC.\u00a0 www.tradesecurely.ca vise \u00e0 promouvoir les occasions d\u2019affaires associ\u00e9es \u00e0 l\u2019assurance comptes clients \u2013 ou assurance cr\u00e9dit commercial &#8211; \u00a0aupr\u00e8s des courtiers d\u2019assurance, des banquiers et des entreprises canadiens ayant des activit\u00e9s au Canada et \u00e0 l\u2019\u00e9tranger.<\/p>\n<p>Les membres de RIAC parlent r\u00e9guli\u00e8rement avec les m\u00e9dias et le grand public des bienfaits de l\u2019assurance comptes clients. Vous trouverez ci-apr\u00e8s les nouvelles les plus r\u00e9centes, qui sont publi\u00e9es dans la langue de diffusion originale.[\/vc_column_text][\/vc_column][\/vc_row][vc_row][vc_column]<div class=\"eut-element eut-hr \" style=\"\"><div class=\"eut-line-divider\"><\/div><\/div>[\/vc_column][\/vc_row][vc_row padding_top=&#8221;30&#8243;][vc_column width=&#8221;1\/2&#8243;]<h2 class=\"eut-element eut-align-left eut-title-no-line\" style=\"\"><span>2018<\/span><\/h2>[\/vc_column][vc_column width=&#8221;1\/2&#8243;]<h2 class=\"eut-element eut-align-left eut-title-no-line\" style=\"\"><span>2017<\/span><\/h2>[\/vc_column][\/vc_row][vc_row][vc_column width=&#8221;1\/2&#8243;]<div class=\"eut-element eut-box eut-align-left\" style=\"margin-bottom: 60px;\"><div class=\"eut-media\"><a href=\"https:\/\/www.mbot.com\/mbot-magazine\/\" target=\"_blank\"><img loading=\"lazy\" decoding=\"async\" width=\"625\" height=\"812\" src=\"https:\/\/receivablesinsurancecanada.com\/fr\/wp-content\/uploads\/2018\/02\/Screen-Shot-2018-02-16-at-15.47.54.png\" class=\"attachment-full size-full\" alt=\"\" srcset=\"https:\/\/receivablesinsurancecanada.com\/fr\/wp-content\/uploads\/2018\/02\/Screen-Shot-2018-02-16-at-15.47.54.png 625w, https:\/\/receivablesinsurancecanada.com\/fr\/wp-content\/uploads\/2018\/02\/Screen-Shot-2018-02-16-at-15.47.54-600x780.png 600w, https:\/\/receivablesinsurancecanada.com\/fr\/wp-content\/uploads\/2018\/02\/Screen-Shot-2018-02-16-at-15.47.54-231x300.png 231w\" sizes=\"auto, (max-width: 625px) 100vw, 625px\" \/><\/a><\/div>  <div class=\"eut-box-content\">    <a href=\"https:\/\/www.mbot.com\/mbot-magazine\/\" target=\"_blank\"><h3 class=\"eut-box-title\">RIAC ET LA REVUE CONNECT<\/h3>    <\/a>    <p>Le cofondateur de RIAC, Ian Miller, pr\u00e9sente sa perspective de la mani\u00e8re dont les entreprises canadiennes peuvent composer avec l\u2019incertitude de l\u2019ALENA. Cet article a \u00e9t\u00e9 publi\u00e9 dans le num\u00e9ro d\u2019hiver 2018 de la revue CONNECT du Mississauga Board of Trade. L\u2019article se trouve \u00e0 la page 32.<\/p>  <\/div><\/div><div class=\"eut-element eut-hr \" style=\"\"><div class=\"eut-double-line-divider\"><\/div><\/div>[vc_empty_space height=&#8221;30px&#8221;][\/vc_column][vc_column width=&#8221;1\/2&#8243; css=&#8221;.vc_custom_1518484335113{background-color: #f4f4f4 !important;}&#8221;][vc_empty_space height=&#8221;40px&#8221;]<div class=\"eut-element eut-box eut-align-left\" style=\"margin-bottom: 60px;\"><div class=\"eut-media\"><a href=\"\" target=\"_self\"><img loading=\"lazy\" decoding=\"async\" width=\"878\" height=\"572\" src=\"https:\/\/receivablesinsurancecanada.com\/fr\/wp-content\/uploads\/2018\/02\/Screen-Shot-2018-02-05-at-16.17.12.png\" class=\"attachment-full size-full\" alt=\"\" srcset=\"https:\/\/receivablesinsurancecanada.com\/fr\/wp-content\/uploads\/2018\/02\/Screen-Shot-2018-02-05-at-16.17.12.png 878w, https:\/\/receivablesinsurancecanada.com\/fr\/wp-content\/uploads\/2018\/02\/Screen-Shot-2018-02-05-at-16.17.12-600x391.png 600w, https:\/\/receivablesinsurancecanada.com\/fr\/wp-content\/uploads\/2018\/02\/Screen-Shot-2018-02-05-at-16.17.12-300x195.png 300w, https:\/\/receivablesinsurancecanada.com\/fr\/wp-content\/uploads\/2018\/02\/Screen-Shot-2018-02-05-at-16.17.12-768x500.png 768w\" sizes=\"auto, (max-width: 878px) 100vw, 878px\" \/><\/a><\/div>  <div class=\"eut-box-content\">    <a href=\"\" target=\"_self\"><h3 class=\"eut-box-title\">L\u2019OPPORTUNIT\u00c9 DE L\u2019AECG<\/h3>    <\/a>    <p>John Middleton, membre de RIAC et pr\u00e9sident de GCRM, explique aux membres de la Chambre de commerce Canada-Pologne, comment l\u2019assurance comptes clients (ACC) peut r\u00e9duire les risques financiers, am\u00e9liorer la tr\u00e9sorerie, soutenir la gestion du cr\u00e9dit et am\u00e9liorer les ventes entre le Canada et l\u2019UE.<\/p>  <\/div><\/div><div class=\"eut-element eut-hr \" style=\"\"><div class=\"eut-double-line-divider\"><\/div><\/div>[vc_empty_space height=&#8221;30px&#8221;]<div class=\"eut-element eut-box eut-align-left\" style=\"margin-bottom: 60px;\"><div class=\"eut-media\"><a href=\"https:\/\/www.insurancebusinessmag.com\/ca\/news\/breaking-news\/pandc-brokers-not-offering-trade-credit-insurance-underservicing-their-clients-76751.aspx\" target=\"_blank\"><img loading=\"lazy\" decoding=\"async\" width=\"868\" height=\"608\" src=\"https:\/\/receivablesinsurancecanada.com\/fr\/wp-content\/uploads\/2018\/02\/Screen-Shot-2018-02-05-at-15.25.57.png\" class=\"attachment-full size-full\" alt=\"\" srcset=\"https:\/\/receivablesinsurancecanada.com\/fr\/wp-content\/uploads\/2018\/02\/Screen-Shot-2018-02-05-at-15.25.57.png 868w, https:\/\/receivablesinsurancecanada.com\/fr\/wp-content\/uploads\/2018\/02\/Screen-Shot-2018-02-05-at-15.25.57-600x420.png 600w, https:\/\/receivablesinsurancecanada.com\/fr\/wp-content\/uploads\/2018\/02\/Screen-Shot-2018-02-05-at-15.25.57-300x210.png 300w, https:\/\/receivablesinsurancecanada.com\/fr\/wp-content\/uploads\/2018\/02\/Screen-Shot-2018-02-05-at-15.25.57-768x538.png 768w\" sizes=\"auto, (max-width: 868px) 100vw, 868px\" \/><\/a><\/div>  <div class=\"eut-box-content\">    <a href=\"https:\/\/www.insurancebusinessmag.com\/ca\/news\/breaking-news\/pandc-brokers-not-offering-trade-credit-insurance-underservicing-their-clients-76751.aspx\" target=\"_blank\"><h3 class=\"eut-box-title\">L\u2019OPPORTUNIT\u00c9 COURTIER<\/h3>    <\/a>    <p>Graham MacLachlan est un des rares courtiers de l\u2019Ouest canadien \u00e0 offrir de l\u2019assurance cr\u00e9dit commercial. Ses plus grands concurrents sont aussi ses fournisseurs.<br \/>\nCela semble \u00eatre une position enviable. Puisque le taux de p\u00e9n\u00e9tration du march\u00e9 est de 20 %, les possibilit\u00e9s de croissance sont donc int\u00e9ressantes.<\/p>\n<p><\/p>  <\/div><\/div><div class=\"eut-element eut-hr \" style=\"\"><div class=\"eut-double-line-divider\"><\/div><\/div>[vc_empty_space height=&#8221;30px&#8221;]<div class=\"eut-element eut-box eut-align-left\" style=\"margin-bottom: 60px;\"><div class=\"eut-media\"><a href=\"https:\/\/www.insurancebusinessmag.com\/ca\/news\/breaking-news\/credit-insurance-the-big-secret-brokers-should-be-looking-to-incorporate-into-their-sales-76346.aspx\" target=\"_blank\"><img loading=\"lazy\" decoding=\"async\" width=\"940\" height=\"628\" src=\"https:\/\/receivablesinsurancecanada.com\/fr\/wp-content\/uploads\/2018\/02\/Screen-Shot-2018-02-05-at-15.29.23.png\" class=\"attachment-full size-full\" alt=\"\" srcset=\"https:\/\/receivablesinsurancecanada.com\/fr\/wp-content\/uploads\/2018\/02\/Screen-Shot-2018-02-05-at-15.29.23.png 940w, https:\/\/receivablesinsurancecanada.com\/fr\/wp-content\/uploads\/2018\/02\/Screen-Shot-2018-02-05-at-15.29.23-600x401.png 600w, https:\/\/receivablesinsurancecanada.com\/fr\/wp-content\/uploads\/2018\/02\/Screen-Shot-2018-02-05-at-15.29.23-300x200.png 300w, https:\/\/receivablesinsurancecanada.com\/fr\/wp-content\/uploads\/2018\/02\/Screen-Shot-2018-02-05-at-15.29.23-768x513.png 768w\" sizes=\"auto, (max-width: 940px) 100vw, 940px\" \/><\/a><\/div>  <div class=\"eut-box-content\">    <a href=\"https:\/\/www.insurancebusinessmag.com\/ca\/news\/breaking-news\/credit-insurance-the-big-secret-brokers-should-be-looking-to-incorporate-into-their-sales-76346.aspx\" target=\"_blank\"><h3 class=\"eut-box-title\">LE \u00ab GRAND SECRET \u00bb DES COURTIERS<\/h3>    <\/a>    <p>\u00ab C\u2019est un grand secret \u00bb, dit David Dienesch lorsqu\u2019il parle de l\u2019assurance cr\u00e9dit. Mais\u2026 le chat est maintenant sorti du sac!<br \/>\nM. Dienesch, PDG chez Euler Hermes Canada, explique que l\u2019assurance cr\u00e9dit peut faire une diff\u00e9rence dans la croissance du portefeuille d\u2019affaires d\u2019un agent. Il suffit de comprendre ce que c\u2019est.<\/p>\n<p>Dienesch, chief executive of Euler Hermes Canada, said credit insurance could be the differentiator that grows an agent\u2019s sales \u2013 they just need to get their head around it.<\/p>  <\/div><\/div><div class=\"eut-element eut-hr \" style=\"\"><div class=\"eut-double-line-divider\"><\/div><\/div>[vc_empty_space height=&#8221;30px&#8221;]<div class=\"eut-element eut-box eut-align-left\" style=\"margin-bottom: 60px;\"><div class=\"eut-media\"><a href=\"http:\/\/tradecommissioner.gc.ca\/canadexport\/0001578.aspx?lang=eng\" target=\"_blank\"><img loading=\"lazy\" decoding=\"async\" width=\"433\" height=\"313\" src=\"https:\/\/receivablesinsurancecanada.com\/fr\/wp-content\/uploads\/2018\/02\/Screen-Shot-2018-02-12-at-19.46.10.png\" class=\"attachment-full size-full\" alt=\"\" srcset=\"https:\/\/receivablesinsurancecanada.com\/fr\/wp-content\/uploads\/2018\/02\/Screen-Shot-2018-02-12-at-19.46.10.png 433w, https:\/\/receivablesinsurancecanada.com\/fr\/wp-content\/uploads\/2018\/02\/Screen-Shot-2018-02-12-at-19.46.10-300x217.png 300w\" sizes=\"auto, (max-width: 433px) 100vw, 433px\" \/><\/a><\/div>  <div class=\"eut-box-content\">    <a href=\"http:\/\/tradecommissioner.gc.ca\/canadexport\/0001578.aspx?lang=eng\" target=\"_blank\"><h3 class=\"eut-box-title\">OUTILS D\u2019ATT\u00c9NUATION DES RISQUES<\/h3>    <\/a>    <p>Selon L\u2019Association Canadienne de l\u2019Assurance Comptes Clients (RIAC), ce qu\u2019un propri\u00e9taire d\u2019entreprise ignore peut lui co\u00fbter cher. Et ce que de nombreuses entreprises canadiennes ne savent peut-\u00eatre pas, c\u2019est que l\u2019assurance comptes clients \u2013 ou assurance cr\u00e9dit commercial \u2013 peut contribuer consid\u00e9rablement \u00e0 l\u2019att\u00e9nuation des risques li\u00e9s \u00e0 l\u2019exportation.<\/p>  <\/div><\/div><div class=\"eut-element eut-hr \" style=\"\"><div class=\"eut-double-line-divider\"><\/div><\/div>[vc_empty_space height=&#8221;30px&#8221;]<div class=\"eut-element eut-box eut-align-left\" style=\"margin-bottom: 60px;\"><div class=\"eut-media\"><a href=\"https:\/\/journal-assurance.ca\/article\/leconomie-moribonde-ralentit-lassurance-comptes-clients\/\" target=\"_blank\"><img loading=\"lazy\" decoding=\"async\" width=\"468\" height=\"309\" src=\"https:\/\/receivablesinsurancecanada.com\/fr\/wp-content\/uploads\/2018\/02\/Screen-Shot-2018-02-12-at-20.06.37.png\" class=\"attachment-full size-full\" alt=\"\" srcset=\"https:\/\/receivablesinsurancecanada.com\/fr\/wp-content\/uploads\/2018\/02\/Screen-Shot-2018-02-12-at-20.06.37.png 468w, https:\/\/receivablesinsurancecanada.com\/fr\/wp-content\/uploads\/2018\/02\/Screen-Shot-2018-02-12-at-20.06.37-300x198.png 300w\" sizes=\"auto, (max-width: 468px) 100vw, 468px\" \/><\/a><\/div>  <div class=\"eut-box-content\">    <a href=\"https:\/\/journal-assurance.ca\/article\/leconomie-moribonde-ralentit-lassurance-comptes-clients\/\" target=\"_blank\"><h3 class=\"eut-box-title\">L\u2019\u00e9conomie moribonde ralentit l\u2019assurance comptes clients<\/h3>    <\/a>    <p>Alors que l\u2019\u00e9conomie canadienne est au calme plat, l\u2019assurance comptes clients l\u2019est aussi. Pr\u00e9sentement, les taux sont tr\u00e8s comp\u00e9titifs. C\u2019est le meilleur moment pour souscrire une assurance comptes clients \u00bb, conseille David Dienesch, PDG, Canada, chez Euler Hermes. C\u2019est lorsque la situation \u00e9conomique se d\u00e9t\u00e9riore que les taux augmentent, ajoute-t-il.<\/p>\n<p>\u00ab Pr\u00e9sentement, les taux sont tr\u00e8s comp\u00e9titifs. C\u2019est le meilleur moment pour souscrire une assurance comptes clients \u00bb, conseille David Dienesch, PDG, Canada, chez Euler Hermes. C\u2019est lorsque la situation \u00e9conomique se d\u00e9t\u00e9riore que les taux augmentent, ajoute-t-il.<\/p>  <\/div><\/div><div class=\"eut-element eut-hr \" style=\"\"><div class=\"eut-double-line-divider\"><\/div><\/div>[vc_empty_space height=&#8221;30px&#8221;]<div class=\"eut-element eut-box eut-align-left\" style=\"\"><div class=\"eut-media\"><a href=\"https:\/\/journal-assurance.ca\/article\/proteger-lactif-des-entreprises\/\" target=\"_blank\"><img loading=\"lazy\" decoding=\"async\" width=\"706\" height=\"410\" src=\"https:\/\/receivablesinsurancecanada.com\/fr\/wp-content\/uploads\/2018\/02\/Screen-Shot-2018-02-12-at-20.16.06.png\" class=\"attachment-full size-full\" alt=\"\" srcset=\"https:\/\/receivablesinsurancecanada.com\/fr\/wp-content\/uploads\/2018\/02\/Screen-Shot-2018-02-12-at-20.16.06.png 706w, https:\/\/receivablesinsurancecanada.com\/fr\/wp-content\/uploads\/2018\/02\/Screen-Shot-2018-02-12-at-20.16.06-600x348.png 600w, https:\/\/receivablesinsurancecanada.com\/fr\/wp-content\/uploads\/2018\/02\/Screen-Shot-2018-02-12-at-20.16.06-300x174.png 300w\" sizes=\"auto, (max-width: 706px) 100vw, 706px\" \/><\/a><\/div>  <div class=\"eut-box-content\">    <a href=\"https:\/\/journal-assurance.ca\/article\/proteger-lactif-des-entreprises\/\" target=\"_blank\"><h3 class=\"eut-box-title\">Prot\u00e9ger l\u2019actif des entreprises<\/h3>    <\/a>    <p>Toute entreprise qui fait affaire avec d\u2019autres entreprises sur une base de cr\u00e9dit \u00e0 long terme peut b\u00e9n\u00e9ficier de l\u2019assurance comptes clients. Ce produit cherche essentiellement \u00e0 prot\u00e9ger le recevable contre la faillite ou le non-paiement.<\/p>  <\/div><\/div>[vc_empty_space height=&#8221;30px&#8221;][\/vc_column][\/vc_row]<\/p>\n<\/div>","protected":false},"excerpt":{"rendered":"<p>[vc_row padding_bottom=&#8221;30&#8243;][vc_column width=&#8221;1\/2&#8243;][\/vc_column][vc_column width=&#8221;1\/2&#8243;][vc_column_text]TradeSecurely.ca pr\u00e9sente l\u2019information et les comptes-rendus d\u2019affaires et de l\u2019industrie les plus r\u00e9cents en mati\u00e8re de commerce publi\u00e9s par les membres de RIAC.\u00a0 www.tradesecurely.ca vise \u00e0 promouvoir les occasions d\u2019affaires associ\u00e9es \u00e0 l\u2019assurance comptes clients \u2013 ou assurance cr\u00e9dit commercial &#8211; \u00a0aupr\u00e8s des courtiers d\u2019assurance, des banquiers et des entreprises canadiens ayant [&hellip;]<\/p>\n","protected":false},"author":1,"featured_media":0,"parent":0,"menu_order":0,"comment_status":"closed","ping_status":"closed","template":"","meta":{"footnotes":""},"class_list":["post-2718","page","type-page","status-publish","hentry"],"_links":{"self":[{"href":"https:\/\/receivablesinsurancecanada.com\/fr\/index.php?rest_route=\/wp\/v2\/pages\/2718","targetHints":{"allow":["GET"]}}],"collection":[{"href":"https:\/\/receivablesinsurancecanada.com\/fr\/index.php?rest_route=\/wp\/v2\/pages"}],"about":[{"href":"https:\/\/receivablesinsurancecanada.com\/fr\/index.php?rest_route=\/wp\/v2\/types\/page"}],"author":[{"embeddable":true,"href":"https:\/\/receivablesinsurancecanada.com\/fr\/index.php?rest_route=\/wp\/v2\/users\/1"}],"replies":[{"embeddable":true,"href":"https:\/\/receivablesinsurancecanada.com\/fr\/index.php?rest_route=%2Fwp%2Fv2%2Fcomments&post=2718"}],"version-history":[{"count":73,"href":"https:\/\/receivablesinsurancecanada.com\/fr\/index.php?rest_route=\/wp\/v2\/pages\/2718\/revisions"}],"predecessor-version":[{"id":3168,"href":"https:\/\/receivablesinsurancecanada.com\/fr\/index.php?rest_route=\/wp\/v2\/pages\/2718\/revisions\/3168"}],"wp:attachment":[{"href":"https:\/\/receivablesinsurancecanada.com\/fr\/index.php?rest_route=%2Fwp%2Fv2%2Fmedia&parent=2718"}],"curies":[{"name":"wp","href":"https:\/\/api.w.org\/{rel}","templated":true}]}}