{"id":2888,"date":"2018-03-06T15:49:35","date_gmt":"2018-03-06T15:49:35","guid":{"rendered":"https:\/\/receivablesinsurancecanada.com\/fr\/?page_id=2888"},"modified":"2025-07-15T18:17:44","modified_gmt":"2025-07-15T18:17:44","slug":"member-benefits","status":"publish","type":"page","link":"https:\/\/receivablesinsurancecanada.com\/fr\/?page_id=2888","title":{"rendered":"PRIVIL\u00c8GES"},"content":{"rendered":"<div class=\"wpb-content-wrapper\"><p>[vc_row][vc_column width=&#8221;1\/2&#8243;]<h3 class=\"eut-element eut-align-left eut-title-no-line\" style=\"\"><span>TOUS LES MEMBRES<\/span><\/h3>[vc_column_text]<strong><span id=\"yui_3_16_0_ym19_1_1539805195332_613293\" lang=\"FR-CA\">L\u2019Association Canadienne de l\u2019Assurance Comptes Clients participe \u00e0 des initiatives visant \u00e0 acc\u00e9l\u00e9rer la r\u00e9ussite du march\u00e9 de l\u2019assurance comptes clients au Canada, et ce pour fin de renforcer la comp\u00e9titivit\u00e9 et l\u2019efficacit\u00e9 financi\u00e8re des entreprises canadiennes.<\/span><\/strong><\/p>\n<p>Tous les membres de L\u2019Association Canadienne de l\u2019Assurance Comptes Clients b\u00e9n\u00e9ficient de ce qui suit :<\/p>\n<ul>\n<li>\n<div id=\"yui_3_16_0_ym19_1_1539805195332_613297\"><span id=\"yui_3_16_0_ym19_1_1539805195332_613298\" lang=\"FR-CA\"><span id=\"yui_3_16_0_ym19_1_1539805195332_613299\"><span id=\"yui_3_16_0_ym19_1_1539805195332_613300\"> <\/span><\/span><\/span><strong><span id=\"yui_3_16_0_ym19_1_1539805195332_613302\" lang=\"FR-CA\">Contribution aux programmes et aux recherches de l\u2019Association<\/span><\/strong><span id=\"yui_3_16_0_ym19_1_1539805195332_613303\" lang=\"FR-CA\"><strong>.<\/strong> Nous travaillons en \u00e9troite collaboration avec les membres pour \u00e9laborer des initiatives qui encadrent leurs int\u00e9r\u00eats et priorit\u00e9s ainsi que ceux du march\u00e9<\/span><\/div>\n<\/li>\n<li>\n<div id=\"yui_3_16_0_ym19_1_1539805195332_613297\"><span id=\"yui_3_16_0_ym19_1_1539805195332_613303\" lang=\"FR-CA\"><\/span><strong><span id=\"yui_3_16_0_ym19_1_1539805195332_613309\" lang=\"FR-CA\">Occasions in\u00e9dites de participation aux dialogues <\/span><\/strong><span id=\"yui_3_16_0_ym19_1_1539805195332_613310\" lang=\"FR-CA\">celles-ci contribuent \u00e0 am\u00e9liorer les politiques qui sont d\u2019importance aux courtiers, aux banquiers et aux entreprises canadiennes<\/span><\/div>\n<\/li>\n<li>\n<div id=\"yui_3_16_0_ym19_1_1539805195332_613297\"><span id=\"yui_3_16_0_ym19_1_1539805195332_613310\" lang=\"FR-CA\"><\/span><strong><span id=\"yui_3_16_0_ym19_1_1539805195332_623688\" lang=\"FR-CA\">Invitations \u00e0 se faire Profiler et mis en lumi\u00e8re\u00a0<\/span><\/strong><span id=\"yui_3_16_0_ym19_1_1539805195332_623689\" lang=\"FR-CA\">dans le blogue de l\u2019Association et ces diff\u00e9rents sites de m\u00e9dias sociaux<\/span><\/div>\n<\/li>\n<li>\n<div id=\"yui_3_16_0_ym19_1_1539805195332_613297\"><strong><span id=\"yui_3_16_0_ym19_1_1539805195332_613323\" lang=\"FR-CA\">Ressources et publications sp\u00e9cifiques r\u00e9serv\u00e9es aux membres, <\/span><\/strong><span id=\"yui_3_16_0_ym19_1_1539805195332_613324\" lang=\"FR-CA\">y compris la participation au bulletin mensuel en ligne de RIAC<\/span><\/div>\n<\/li>\n<li>\n<div id=\"yui_3_16_0_ym19_1_1539805195332_613297\"><span id=\"yui_3_16_0_ym19_1_1539805195332_613324\" lang=\"FR-CA\"><\/span><strong><span id=\"yui_3_16_0_ym19_1_1539805195332_613330\" lang=\"FR-CA\">Les Courtiers G\u00e9n\u00e9raux ont un avantage de s\u2019abonner \u00e0 l\u2019ACCC<\/span><\/strong><span id=\"yui_3_16_0_ym19_1_1539805195332_613331\" lang=\"FR-CA\"><\/span><\/div>\n<div id=\"yui_3_16_0_ym19_1_1539805195332_613332\"><span id=\"yui_3_16_0_ym19_1_1539805195332_613333\" lang=\"FR-CA\">Car ils ont acc\u00e8s \u00e0 nos membres sp\u00e9cialis\u00e9s et peuvent d\u00e9ployer cette expertise pour am\u00e9liorer leur offre \u00e0 leurs clients.\u00a0 Cela pourrait croitre les revenues du cabinet de courtage, r\u00e9duire les pertes E&amp;O, tout en prot\u00e9geant la relation cliente.<\/span><\/div>\n<\/li>\n<\/ul>\n<p>[\/vc_column_text][\/vc_column][vc_column width=&#8221;1\/2&#8243;]<h3 class=\"eut-element eut-align-left eut-title-no-line\" style=\"\"><span>MEMBRES \u00c9LITE<\/span><\/h3>[vc_column_text]Privil\u00e8ges des membres \u00e9lite :<\/p>\n<ul>\n<li>\n<div id=\"yui_3_16_0_ym19_1_1539805195332_613340\"><span id=\"yui_3_16_0_ym19_1_1539805195332_613341\" lang=\"FR-CA\"><span id=\"yui_3_16_0_ym19_1_1539805195332_613342\"><span id=\"yui_3_16_0_ym19_1_1539805195332_613343\"> <\/span><\/span><\/span><strong><span id=\"yui_3_16_0_ym19_1_1539805195332_613345\" lang=\"FR-CA\">Logo de la soci\u00e9t\u00e9 ou de l\u2019association et hyperlien <\/span><\/strong><span id=\"yui_3_16_0_ym19_1_1539805195332_613346\" lang=\"FR-CA\">sur la page des membres de notre site Web (les membres r\u00e9guliers ont droit \u00e0 leur nom seulement.)<\/span><\/div>\n<\/li>\n<li>\n<div id=\"yui_3_16_0_ym19_1_1539805195332_613340\"><span id=\"yui_3_16_0_ym19_1_1539805195332_613346\" lang=\"FR-CA\"><\/span><strong><span id=\"yui_3_16_0_ym19_1_1539805195332_613352\" lang=\"FR-CA\">Possibilit\u00e9 de si\u00e9ger au conseil d\u2019administration de l\u2019Association\u00a0<\/span><\/strong><span id=\"yui_3_16_0_ym19_1_1539805195332_613353\" lang=\"FR-CA\">et de participer aux comit\u00e9s de travail<\/span><\/div>\n<\/li>\n<li>\n<div id=\"yui_3_16_0_ym19_1_1539805195332_613340\"><span id=\"yui_3_16_0_ym19_1_1539805195332_613353\" lang=\"FR-CA\"><\/span><strong><span id=\"yui_3_16_0_ym19_1_1539805195332_613359\" lang=\"FR-CA\">Participer comme conf\u00e9rencier invit\u00e9 <\/span><\/strong><span id=\"yui_3_16_0_ym19_1_1539805195332_613360\" lang=\"FR-CA\">et \u00e0 la production de vid\u00e9os de formation<\/span><\/div>\n<\/li>\n<li>\n<div id=\"yui_3_16_0_ym19_1_1539805195332_613340\"><span id=\"yui_3_16_0_ym19_1_1539805195332_613360\" lang=\"FR-CA\"><\/span><strong><span id=\"yui_3_16_0_ym19_1_1539805195332_613366\" lang=\"FR-CA\">Exposition continue et rencontres <\/span><\/strong><span id=\"yui_3_16_0_ym19_1_1539805195332_613367\" lang=\"FR-CA\">avec des chefs de file cl\u00e9s de l\u2019industrie<\/span><\/div>\n<div class=\"signature\"><\/div>\n<div id=\"yui_3_16_0_ym19_1_1539805195332_613368\"><span id=\"yui_3_16_0_ym19_1_1539805195332_613369\" lang=\"FR-CA\">Pour devenir membre de L\u2019Association Canadienne de l\u2019Assurance Comptes Clients, il suffit de t\u00e9l\u00e9charger la demande d\u2019adh\u00e9sion, qui contient d\u2019autres renseignements sur les services et privil\u00e8ges sp\u00e9cifiques des diff\u00e9rentes cat\u00e9gories de membres.<\/span><\/div>\n<\/li>\n<\/ul>\n<p>[\/vc_column_text][vc_empty_space]<div class=\"eut-element eut-align-left\"><a class=\"eut-btn eut-btn-extralarge eut-square eut-bg-primary-1\" href=\"https:\/\/receivablesinsurancecanada.com\/wp-content\/uploads\/2025\/07\/2025-Membership-Agreement-fillable-form-FINAL.pdf\" target=\"_blank\" style=\"\"><span>T\u00c9L\u00c9CHARGEZ LA DEMANDE D\u2019ADH\u00c9SION \u00c0 RIAC<\/span><\/a><\/div>[\/vc_column][\/vc_row]<\/p>\n<\/div>","protected":false},"excerpt":{"rendered":"<p>[vc_row][vc_column width=&#8221;1\/2&#8243;][vc_column_text]L\u2019Association Canadienne de l\u2019Assurance Comptes Clients participe \u00e0 des initiatives visant \u00e0 acc\u00e9l\u00e9rer la r\u00e9ussite du march\u00e9 de l\u2019assurance comptes clients au Canada, et ce pour fin de renforcer la comp\u00e9titivit\u00e9 et l\u2019efficacit\u00e9 financi\u00e8re des entreprises canadiennes. Tous les membres de L\u2019Association Canadienne de l\u2019Assurance Comptes Clients b\u00e9n\u00e9ficient de ce qui suit : Contribution [&hellip;]<\/p>\n","protected":false},"author":1,"featured_media":0,"parent":0,"menu_order":0,"comment_status":"closed","ping_status":"closed","template":"","meta":{"footnotes":""},"class_list":["post-2888","page","type-page","status-publish","hentry"],"_links":{"self":[{"href":"https:\/\/receivablesinsurancecanada.com\/fr\/index.php?rest_route=\/wp\/v2\/pages\/2888","targetHints":{"allow":["GET"]}}],"collection":[{"href":"https:\/\/receivablesinsurancecanada.com\/fr\/index.php?rest_route=\/wp\/v2\/pages"}],"about":[{"href":"https:\/\/receivablesinsurancecanada.com\/fr\/index.php?rest_route=\/wp\/v2\/types\/page"}],"author":[{"embeddable":true,"href":"https:\/\/receivablesinsurancecanada.com\/fr\/index.php?rest_route=\/wp\/v2\/users\/1"}],"replies":[{"embeddable":true,"href":"https:\/\/receivablesinsurancecanada.com\/fr\/index.php?rest_route=%2Fwp%2Fv2%2Fcomments&post=2888"}],"version-history":[{"count":25,"href":"https:\/\/receivablesinsurancecanada.com\/fr\/index.php?rest_route=\/wp\/v2\/pages\/2888\/revisions"}],"predecessor-version":[{"id":3454,"href":"https:\/\/receivablesinsurancecanada.com\/fr\/index.php?rest_route=\/wp\/v2\/pages\/2888\/revisions\/3454"}],"wp:attachment":[{"href":"https:\/\/receivablesinsurancecanada.com\/fr\/index.php?rest_route=%2Fwp%2Fv2%2Fmedia&parent=2888"}],"curies":[{"name":"wp","href":"https:\/\/api.w.org\/{rel}","templated":true}]}}